{"id":6392,"date":"2026-03-18T15:30:40","date_gmt":"2026-03-18T18:30:40","guid":{"rendered":"https:\/\/marketingatletas.com.ar\/programa-especializado\/?page_id=6392"},"modified":"2026-03-18T17:45:35","modified_gmt":"2026-03-18T20:45:35","slug":"pagina-de-gracias","status":"publish","type":"page","link":"https:\/\/marketingatletas.com.ar\/programa-especializado\/pagina-de-gracias\/","title":{"rendered":"P\u00e1gina de gracias"},"content":{"rendered":"\t\t<div data-elementor-type=\"wp-page\" data-elementor-id=\"6392\" class=\"elementor elementor-6392\" data-elementor-post-type=\"page\">\n\t\t\t\t<div class=\"elementor-element elementor-element-18fb970 e-flex e-con-boxed e-con e-parent\" data-id=\"18fb970\" data-element_type=\"container\" data-e-type=\"container\" data-settings=\"{&quot;background_background&quot;:&quot;classic&quot;}\">\n\t\t\t\t\t<div class=\"e-con-inner\">\n\t\t<div class=\"elementor-element elementor-element-08cb8d7 e-con-full e-flex e-con e-child\" data-id=\"08cb8d7\" data-element_type=\"container\" data-e-type=\"container\" data-settings=\"{&quot;background_background&quot;:&quot;classic&quot;}\">\n\t\t<div class=\"elementor-element elementor-element-e4dbc47 e-con-full e-flex e-con e-child\" data-id=\"e4dbc47\" data-element_type=\"container\" data-e-type=\"container\">\n\t\t\t\t<div class=\"elementor-element elementor-element-8a63d64 elementor-widget elementor-widget-text-editor\" data-id=\"8a63d64\" data-element_type=\"widget\" data-e-type=\"widget\" data-widget_type=\"text-editor.default\">\n\t\t\t\t<div class=\"elementor-widget-container\">\n\t\t\t\t\t\t\t\t\t<p style=\"text-align: center;\">UN PASO M\u00c1S<\/p>\t\t\t\t\t\t\t\t<\/div>\n\t\t\t\t<\/div>\n\t\t\t\t<div class=\"elementor-element elementor-element-eb58277 elementor-widget elementor-widget-text-editor\" data-id=\"eb58277\" data-element_type=\"widget\" data-e-type=\"widget\" data-widget_type=\"text-editor.default\">\n\t\t\t\t<div class=\"elementor-widget-container\">\n\t\t\t\t\t\t\t\t\t<p style=\"text-align: left;\"><b>\u00a1FUNDAMENTAL!<\/b><\/p>\t\t\t\t\t\t\t\t<\/div>\n\t\t\t\t<\/div>\n\t\t\t\t<div class=\"elementor-element elementor-element-630b510 elementor-widget elementor-widget-text-editor\" data-id=\"630b510\" data-element_type=\"widget\" data-e-type=\"widget\" data-widget_type=\"text-editor.default\">\n\t\t\t\t<div class=\"elementor-widget-container\">\n\t\t\t\t\t\t\t\t\t<p style=\"text-align: center;\">CONFIRMA TU CORREO ELECTR\u00d3NICO<\/p>\t\t\t\t\t\t\t\t<\/div>\n\t\t\t\t<\/div>\n\t\t\t\t<div class=\"elementor-element elementor-element-8516f4d elementor-widget elementor-widget-text-editor\" data-id=\"8516f4d\" data-element_type=\"widget\" data-e-type=\"widget\" data-widget_type=\"text-editor.default\">\n\t\t\t\t<div class=\"elementor-widget-container\">\n\t\t\t\t\t\t\t\t\t<p><span style=\"font-weight: 400;\">Te enviamos un primer mail con el asunto: <\/span><b>\u00a1CONFIRM\u00c1 TU CORREO PARA SUMARTE!<\/b><\/p>\t\t\t\t\t\t\t\t<\/div>\n\t\t\t\t<\/div>\n\t\t\t\t<div class=\"elementor-element elementor-element-06b66b5 elementor-widget elementor-widget-text-editor\" data-id=\"06b66b5\" data-element_type=\"widget\" data-e-type=\"widget\" data-widget_type=\"text-editor.default\">\n\t\t\t\t<div class=\"elementor-widget-container\">\n\t\t\t\t\t\t\t\t\t<p><span style=\"font-weight: 400;\">En ese mail clicke\u00e1 el bot\u00f3n CONFIRMAR para asegurar tu inscripci\u00f3n.<br \/><\/span><span style=\"font-weight: 400;\">Autom\u00e1ticamente recibir\u00e1s un correo de bienvenida.<\/span><\/p>\t\t\t\t\t\t\t\t<\/div>\n\t\t\t\t<\/div>\n\t\t\t\t<\/div>\n\t\t\t\t<\/div>\n\t\t\t\t\t<\/div>\n\t\t\t\t<\/div>\n\t\t\t\t<\/div>\n\t\t","protected":false},"excerpt":{"rendered":"<p>UN PASO M\u00c1S \u00a1FUNDAMENTAL! CONFIRMA TU CORREO ELECTR\u00d3NICO Te enviamos un primer mail con el asunto: \u00a1CONFIRM\u00c1 TU CORREO PARA SUMARTE! En ese mail clicke\u00e1 el bot\u00f3n CONFIRMAR para asegurar tu inscripci\u00f3n.Autom\u00e1ticamente recibir\u00e1s un correo de bienvenida.<\/p>\n","protected":false},"author":3,"featured_media":0,"parent":0,"menu_order":0,"comment_status":"closed","ping_status":"closed","template":"","meta":{"ocean_post_layout":"","ocean_both_sidebars_style":"","ocean_both_sidebars_content_width":0,"ocean_both_sidebars_sidebars_width":0,"ocean_sidebar":"0","ocean_second_sidebar":"0","ocean_disable_margins":"enable","ocean_add_body_class":"","ocean_shortcode_before_top_bar":"","ocean_shortcode_after_top_bar":"","ocean_shortcode_before_header":"","ocean_shortcode_after_header":"","ocean_has_shortcode":"","ocean_shortcode_after_title":"","ocean_shortcode_before_footer_widgets":"","ocean_shortcode_after_footer_widgets":"","ocean_shortcode_before_footer_bottom":"","ocean_shortcode_after_footer_bottom":"","ocean_display_top_bar":"default","ocean_display_header":"default","ocean_header_style":"","ocean_center_header_left_menu":"0","ocean_custom_header_template":"0","ocean_custom_logo":0,"ocean_custom_retina_logo":0,"ocean_custom_logo_max_width":0,"ocean_custom_logo_tablet_max_width":0,"ocean_custom_logo_mobile_max_width":0,"ocean_custom_logo_max_height":0,"ocean_custom_logo_tablet_max_height":0,"ocean_custom_logo_mobile_max_height":0,"ocean_header_custom_menu":"0","ocean_menu_typo_font_family":"0","ocean_menu_typo_font_subset":"","ocean_menu_typo_font_size":0,"ocean_menu_typo_font_size_tablet":0,"ocean_menu_typo_font_size_mobile":0,"ocean_menu_typo_font_size_unit":"px","ocean_menu_typo_font_weight":"","ocean_menu_typo_font_weight_tablet":"","ocean_menu_typo_font_weight_mobile":"","ocean_menu_typo_transform":"","ocean_menu_typo_transform_tablet":"","ocean_menu_typo_transform_mobile":"","ocean_menu_typo_line_height":0,"ocean_menu_typo_line_height_tablet":0,"ocean_menu_typo_line_height_mobile":0,"ocean_menu_typo_line_height_unit":"","ocean_menu_typo_spacing":0,"ocean_menu_typo_spacing_tablet":0,"ocean_menu_typo_spacing_mobile":0,"ocean_menu_typo_spacing_unit":"","ocean_menu_link_color":"","ocean_menu_link_color_hover":"","ocean_menu_link_color_active":"","ocean_menu_link_background":"","ocean_menu_link_hover_background":"","ocean_menu_link_active_background":"","ocean_menu_social_links_bg":"","ocean_menu_social_hover_links_bg":"","ocean_menu_social_links_color":"","ocean_menu_social_hover_links_color":"","ocean_disable_title":"default","ocean_disable_heading":"default","ocean_post_title":"","ocean_post_subheading":"","ocean_post_title_style":"","ocean_post_title_background_color":"","ocean_post_title_background":0,"ocean_post_title_bg_image_position":"","ocean_post_title_bg_image_attachment":"","ocean_post_title_bg_image_repeat":"","ocean_post_title_bg_image_size":"","ocean_post_title_height":0,"ocean_post_title_bg_overlay":0.5,"ocean_post_title_bg_overlay_color":"","ocean_disable_breadcrumbs":"default","ocean_breadcrumbs_color":"","ocean_breadcrumbs_separator_color":"","ocean_breadcrumbs_links_color":"","ocean_breadcrumbs_links_hover_color":"","ocean_display_footer_widgets":"default","ocean_display_footer_bottom":"default","ocean_custom_footer_template":"0","_joinchat":[],"footnotes":""},"class_list":["post-6392","page","type-page","status-publish","hentry","entry"],"yoast_head":"<!-- This site is optimized with the Yoast SEO plugin v27.5 - https:\/\/yoast.com\/product\/yoast-seo-wordpress\/ -->\n<title>P\u00e1gina de gracias - Programa Especializado en Marketing Digital Deportivo<\/title>\n<meta name=\"robots\" content=\"index, follow, max-snippet:-1, max-image-preview:large, max-video-preview:-1\" \/>\n<link rel=\"canonical\" href=\"https:\/\/marketingatletas.com.ar\/programa-especializado\/pagina-de-gracias\/\" \/>\n<meta property=\"og:locale\" content=\"es_ES\" \/>\n<meta property=\"og:type\" content=\"article\" \/>\n<meta property=\"og:title\" content=\"P\u00e1gina de gracias - Programa Especializado en Marketing Digital Deportivo\" \/>\n<meta property=\"og:description\" content=\"UN PASO M\u00c1S \u00a1FUNDAMENTAL! CONFIRMA TU CORREO ELECTR\u00d3NICO Te enviamos un primer mail con el asunto: \u00a1CONFIRM\u00c1 TU CORREO PARA SUMARTE! En ese mail clicke\u00e1 el bot\u00f3n CONFIRMAR para asegurar tu inscripci\u00f3n.Autom\u00e1ticamente recibir\u00e1s un correo de bienvenida.\" \/>\n<meta property=\"og:url\" content=\"https:\/\/marketingatletas.com.ar\/programa-especializado\/pagina-de-gracias\/\" \/>\n<meta property=\"og:site_name\" content=\"Programa Especializado en Marketing Digital Deportivo\" \/>\n<meta property=\"article:modified_time\" content=\"2026-03-18T20:45:35+00:00\" \/>\n<meta name=\"twitter:card\" content=\"summary_large_image\" \/>\n<meta name=\"twitter:label1\" content=\"Tiempo de lectura\" \/>\n\t<meta name=\"twitter:data1\" content=\"1 minuto\" \/>\n<script type=\"application\/ld+json\" class=\"yoast-schema-graph\">{\"@context\":\"https:\\\/\\\/schema.org\",\"@graph\":[{\"@type\":\"WebPage\",\"@id\":\"https:\\\/\\\/marketingatletas.com.ar\\\/programa-especializado\\\/pagina-de-gracias\\\/\",\"url\":\"https:\\\/\\\/marketingatletas.com.ar\\\/programa-especializado\\\/pagina-de-gracias\\\/\",\"name\":\"P\u00e1gina de gracias - Programa Especializado en Marketing Digital Deportivo\",\"isPartOf\":{\"@id\":\"https:\\\/\\\/marketingatletas.com.ar\\\/programa-especializado\\\/#website\"},\"datePublished\":\"2026-03-18T18:30:40+00:00\",\"dateModified\":\"2026-03-18T20:45:35+00:00\",\"breadcrumb\":{\"@id\":\"https:\\\/\\\/marketingatletas.com.ar\\\/programa-especializado\\\/pagina-de-gracias\\\/#breadcrumb\"},\"inLanguage\":\"es\",\"potentialAction\":[{\"@type\":\"ReadAction\",\"target\":[\"https:\\\/\\\/marketingatletas.com.ar\\\/programa-especializado\\\/pagina-de-gracias\\\/\"]}]},{\"@type\":\"BreadcrumbList\",\"@id\":\"https:\\\/\\\/marketingatletas.com.ar\\\/programa-especializado\\\/pagina-de-gracias\\\/#breadcrumb\",\"itemListElement\":[{\"@type\":\"ListItem\",\"position\":1,\"name\":\"Portada\",\"item\":\"https:\\\/\\\/marketingatletas.com.ar\\\/programa-especializado\\\/\"},{\"@type\":\"ListItem\",\"position\":2,\"name\":\"P\u00e1gina de gracias\"}]},{\"@type\":\"WebSite\",\"@id\":\"https:\\\/\\\/marketingatletas.com.ar\\\/programa-especializado\\\/#website\",\"url\":\"https:\\\/\\\/marketingatletas.com.ar\\\/programa-especializado\\\/\",\"name\":\"Programa Especializado en Marketing Digital Deportivo\",\"description\":\"\",\"publisher\":{\"@id\":\"https:\\\/\\\/marketingatletas.com.ar\\\/programa-especializado\\\/#organization\"},\"potentialAction\":[{\"@type\":\"SearchAction\",\"target\":{\"@type\":\"EntryPoint\",\"urlTemplate\":\"https:\\\/\\\/marketingatletas.com.ar\\\/programa-especializado\\\/?s={search_term_string}\"},\"query-input\":{\"@type\":\"PropertyValueSpecification\",\"valueRequired\":true,\"valueName\":\"search_term_string\"}}],\"inLanguage\":\"es\"},{\"@type\":\"Organization\",\"@id\":\"https:\\\/\\\/marketingatletas.com.ar\\\/programa-especializado\\\/#organization\",\"name\":\"Programa Especializado en Marketing Digital Deportivo\",\"url\":\"https:\\\/\\\/marketingatletas.com.ar\\\/programa-especializado\\\/\",\"logo\":{\"@type\":\"ImageObject\",\"inLanguage\":\"es\",\"@id\":\"https:\\\/\\\/marketingatletas.com.ar\\\/programa-especializado\\\/#\\\/schema\\\/logo\\\/image\\\/\",\"url\":\"https:\\\/\\\/marketingatletas.com.ar\\\/programa-especializado\\\/wp-content\\\/uploads\\\/2026\\\/03\\\/LOGOTIPO_MPA.png\",\"contentUrl\":\"https:\\\/\\\/marketingatletas.com.ar\\\/programa-especializado\\\/wp-content\\\/uploads\\\/2026\\\/03\\\/LOGOTIPO_MPA.png\",\"width\":944,\"height\":172,\"caption\":\"Programa Especializado en Marketing Digital Deportivo\"},\"image\":{\"@id\":\"https:\\\/\\\/marketingatletas.com.ar\\\/programa-especializado\\\/#\\\/schema\\\/logo\\\/image\\\/\"}}]}<\/script>\n<!-- \/ Yoast SEO plugin. -->","yoast_head_json":{"title":"P\u00e1gina de gracias - Programa Especializado en Marketing Digital Deportivo","robots":{"index":"index","follow":"follow","max-snippet":"max-snippet:-1","max-image-preview":"max-image-preview:large","max-video-preview":"max-video-preview:-1"},"canonical":"https:\/\/marketingatletas.com.ar\/programa-especializado\/pagina-de-gracias\/","og_locale":"es_ES","og_type":"article","og_title":"P\u00e1gina de gracias - Programa Especializado en Marketing Digital Deportivo","og_description":"UN PASO M\u00c1S \u00a1FUNDAMENTAL! CONFIRMA TU CORREO ELECTR\u00d3NICO Te enviamos un primer mail con el asunto: \u00a1CONFIRM\u00c1 TU CORREO PARA SUMARTE! En ese mail clicke\u00e1 el bot\u00f3n CONFIRMAR para asegurar tu inscripci\u00f3n.Autom\u00e1ticamente recibir\u00e1s un correo de bienvenida.","og_url":"https:\/\/marketingatletas.com.ar\/programa-especializado\/pagina-de-gracias\/","og_site_name":"Programa Especializado en Marketing Digital Deportivo","article_modified_time":"2026-03-18T20:45:35+00:00","twitter_card":"summary_large_image","twitter_misc":{"Tiempo de lectura":"1 minuto"},"schema":{"@context":"https:\/\/schema.org","@graph":[{"@type":"WebPage","@id":"https:\/\/marketingatletas.com.ar\/programa-especializado\/pagina-de-gracias\/","url":"https:\/\/marketingatletas.com.ar\/programa-especializado\/pagina-de-gracias\/","name":"P\u00e1gina de gracias - Programa Especializado en Marketing Digital Deportivo","isPartOf":{"@id":"https:\/\/marketingatletas.com.ar\/programa-especializado\/#website"},"datePublished":"2026-03-18T18:30:40+00:00","dateModified":"2026-03-18T20:45:35+00:00","breadcrumb":{"@id":"https:\/\/marketingatletas.com.ar\/programa-especializado\/pagina-de-gracias\/#breadcrumb"},"inLanguage":"es","potentialAction":[{"@type":"ReadAction","target":["https:\/\/marketingatletas.com.ar\/programa-especializado\/pagina-de-gracias\/"]}]},{"@type":"BreadcrumbList","@id":"https:\/\/marketingatletas.com.ar\/programa-especializado\/pagina-de-gracias\/#breadcrumb","itemListElement":[{"@type":"ListItem","position":1,"name":"Portada","item":"https:\/\/marketingatletas.com.ar\/programa-especializado\/"},{"@type":"ListItem","position":2,"name":"P\u00e1gina de gracias"}]},{"@type":"WebSite","@id":"https:\/\/marketingatletas.com.ar\/programa-especializado\/#website","url":"https:\/\/marketingatletas.com.ar\/programa-especializado\/","name":"Programa Especializado en Marketing Digital Deportivo","description":"","publisher":{"@id":"https:\/\/marketingatletas.com.ar\/programa-especializado\/#organization"},"potentialAction":[{"@type":"SearchAction","target":{"@type":"EntryPoint","urlTemplate":"https:\/\/marketingatletas.com.ar\/programa-especializado\/?s={search_term_string}"},"query-input":{"@type":"PropertyValueSpecification","valueRequired":true,"valueName":"search_term_string"}}],"inLanguage":"es"},{"@type":"Organization","@id":"https:\/\/marketingatletas.com.ar\/programa-especializado\/#organization","name":"Programa Especializado en Marketing Digital Deportivo","url":"https:\/\/marketingatletas.com.ar\/programa-especializado\/","logo":{"@type":"ImageObject","inLanguage":"es","@id":"https:\/\/marketingatletas.com.ar\/programa-especializado\/#\/schema\/logo\/image\/","url":"https:\/\/marketingatletas.com.ar\/programa-especializado\/wp-content\/uploads\/2026\/03\/LOGOTIPO_MPA.png","contentUrl":"https:\/\/marketingatletas.com.ar\/programa-especializado\/wp-content\/uploads\/2026\/03\/LOGOTIPO_MPA.png","width":944,"height":172,"caption":"Programa Especializado en Marketing Digital Deportivo"},"image":{"@id":"https:\/\/marketingatletas.com.ar\/programa-especializado\/#\/schema\/logo\/image\/"}}]}},"_links":{"self":[{"href":"https:\/\/marketingatletas.com.ar\/programa-especializado\/wp-json\/wp\/v2\/pages\/6392","targetHints":{"allow":["GET"]}}],"collection":[{"href":"https:\/\/marketingatletas.com.ar\/programa-especializado\/wp-json\/wp\/v2\/pages"}],"about":[{"href":"https:\/\/marketingatletas.com.ar\/programa-especializado\/wp-json\/wp\/v2\/types\/page"}],"author":[{"embeddable":true,"href":"https:\/\/marketingatletas.com.ar\/programa-especializado\/wp-json\/wp\/v2\/users\/3"}],"replies":[{"embeddable":true,"href":"https:\/\/marketingatletas.com.ar\/programa-especializado\/wp-json\/wp\/v2\/comments?post=6392"}],"version-history":[{"count":4,"href":"https:\/\/marketingatletas.com.ar\/programa-especializado\/wp-json\/wp\/v2\/pages\/6392\/revisions"}],"predecessor-version":[{"id":6399,"href":"https:\/\/marketingatletas.com.ar\/programa-especializado\/wp-json\/wp\/v2\/pages\/6392\/revisions\/6399"}],"wp:attachment":[{"href":"https:\/\/marketingatletas.com.ar\/programa-especializado\/wp-json\/wp\/v2\/media?parent=6392"}],"curies":[{"name":"wp","href":"https:\/\/api.w.org\/{rel}","templated":true}]}}