{"id":6009,"date":"2026-03-04T10:36:15","date_gmt":"2026-03-04T13:36:15","guid":{"rendered":"https:\/\/marketingatletas.com.ar\/programa-especializado\/?page_id=6009"},"modified":"2026-03-05T11:19:17","modified_gmt":"2026-03-05T14:19:17","slug":"doble-optin-3","status":"publish","type":"page","link":"https:\/\/marketingatletas.com.ar\/programa-especializado\/doble-optin-3\/","title":{"rendered":"DOBLE OPTIN 3"},"content":{"rendered":"\t\t<div data-elementor-type=\"wp-page\" data-elementor-id=\"6009\" class=\"elementor elementor-6009\" data-elementor-post-type=\"page\">\n\t\t\t\t\t\t<section class=\"elementor-section elementor-top-section elementor-element elementor-element-0ded4ae elementor-section-boxed elementor-section-height-default elementor-section-height-default\" data-id=\"0ded4ae\" data-element_type=\"section\" data-e-type=\"section\" data-settings=\"{&quot;background_background&quot;:&quot;classic&quot;}\">\n\t\t\t\t\t\t<div class=\"elementor-container elementor-column-gap-default\">\n\t\t\t\t\t<div class=\"elementor-column elementor-col-100 elementor-top-column elementor-element elementor-element-48b8fc0\" data-id=\"48b8fc0\" data-element_type=\"column\" data-e-type=\"column\" data-settings=\"{&quot;background_background&quot;:&quot;classic&quot;}\">\n\t\t\t<div class=\"elementor-widget-wrap elementor-element-populated\">\n\t\t\t\t\t\t<div class=\"elementor-element elementor-element-e4390b4 elementor-widget elementor-widget-text-editor\" data-id=\"e4390b4\" data-element_type=\"widget\" data-e-type=\"widget\" data-widget_type=\"text-editor.default\">\n\t\t\t\t<div class=\"elementor-widget-container\">\n\t\t\t\t\t\t\t\t\t<p>\u00a1Tu suscripci\u00f3n fue confirmada!<\/p>\t\t\t\t\t\t\t\t<\/div>\n\t\t\t\t<\/div>\n\t\t\t\t<div class=\"elementor-element elementor-element-15599a0 elementor-widget elementor-widget-image\" data-id=\"15599a0\" data-element_type=\"widget\" data-e-type=\"widget\" data-widget_type=\"image.default\">\n\t\t\t\t<div class=\"elementor-widget-container\">\n\t\t\t\t\t\t\t\t\t\t\t\t\t\t\t<img decoding=\"async\" width=\"300\" height=\"31\" src=\"https:\/\/marketingatletas.com.ar\/programa-especializado\/wp-content\/uploads\/2026\/03\/Recurso-1-300x31.png\" class=\"attachment-medium size-medium wp-image-6041\" alt=\"\" srcset=\"https:\/\/marketingatletas.com.ar\/programa-especializado\/wp-content\/uploads\/2026\/03\/Recurso-1-300x31.png 300w, https:\/\/marketingatletas.com.ar\/programa-especializado\/wp-content\/uploads\/2026\/03\/Recurso-1-1024x106.png 1024w, https:\/\/marketingatletas.com.ar\/programa-especializado\/wp-content\/uploads\/2026\/03\/Recurso-1-768x79.png 768w, https:\/\/marketingatletas.com.ar\/programa-especializado\/wp-content\/uploads\/2026\/03\/Recurso-1.png 1281w\" sizes=\"(max-width: 300px) 100vw, 300px\" \/>\t\t\t\t\t\t\t\t\t\t\t\t\t\t\t<\/div>\n\t\t\t\t<\/div>\n\t\t\t\t<div class=\"elementor-element elementor-element-f9474c7 elementor-widget elementor-widget-text-editor\" data-id=\"f9474c7\" data-element_type=\"widget\" data-e-type=\"widget\" data-widget_type=\"text-editor.default\">\n\t\t\t\t<div class=\"elementor-widget-container\">\n\t\t\t\t\t\t\t\t\t<p><b>Complet\u00e1 este formulario sobre tu Rol y Proyecto Deportivo:<\/b><\/p>\t\t\t\t\t\t\t\t<\/div>\n\t\t\t\t<\/div>\n\t\t\t\t<div class=\"elementor-element elementor-element-1e4af39 elementor-align-center elementor-widget elementor-widget-button\" data-id=\"1e4af39\" data-element_type=\"widget\" data-e-type=\"widget\" data-widget_type=\"button.default\">\n\t\t\t\t<div class=\"elementor-widget-container\">\n\t\t\t\t\t\t\t\t\t<div class=\"elementor-button-wrapper\">\n\t\t\t\t\t<a class=\"elementor-button elementor-button-link elementor-size-sm\" href=\"https:\/\/forms.gle\/3XXdFFT9qBe98q3WA\">\n\t\t\t\t\t\t<span class=\"elementor-button-content-wrapper\">\n\t\t\t\t\t\t\t\t\t<span class=\"elementor-button-text\">\u00a1ME POSTULO!<\/span>\n\t\t\t\t\t<\/span>\n\t\t\t\t\t<\/a>\n\t\t\t\t<\/div>\n\t\t\t\t\t\t\t\t<\/div>\n\t\t\t\t<\/div>\n\t\t\t\t<div class=\"elementor-element elementor-element-bd78cd3 elementor-widget elementor-widget-text-editor\" data-id=\"bd78cd3\" data-element_type=\"widget\" data-e-type=\"widget\" data-widget_type=\"text-editor.default\">\n\t\t\t\t<div class=\"elementor-widget-container\">\n\t\t\t\t\t\t\t\t\t<p><b>INCLUYE BENEFICIOS<\/b><span style=\"font-weight: 400;\"> POR POSTULACI\u00d3N ANTICIPADA<\/span><\/p>\t\t\t\t\t\t\t\t<\/div>\n\t\t\t\t<\/div>\n\t\t\t\t<div class=\"elementor-element elementor-element-10d9396 elementor-hidden-mobile elementor-widget elementor-widget-image\" data-id=\"10d9396\" data-element_type=\"widget\" data-e-type=\"widget\" data-widget_type=\"image.default\">\n\t\t\t\t<div class=\"elementor-widget-container\">\n\t\t\t\t\t\t\t\t\t\t\t\t\t\t\t<img fetchpriority=\"high\" decoding=\"async\" width=\"2560\" height=\"684\" src=\"https:\/\/marketingatletas.com.ar\/programa-especializado\/wp-content\/uploads\/2026\/03\/mkt2025-32-scaled.webp\" class=\"attachment-full size-full wp-image-6020\" alt=\"\" srcset=\"https:\/\/marketingatletas.com.ar\/programa-especializado\/wp-content\/uploads\/2026\/03\/mkt2025-32-scaled.webp 2560w, https:\/\/marketingatletas.com.ar\/programa-especializado\/wp-content\/uploads\/2026\/03\/mkt2025-32-300x80.webp 300w, https:\/\/marketingatletas.com.ar\/programa-especializado\/wp-content\/uploads\/2026\/03\/mkt2025-32-1024x274.webp 1024w, https:\/\/marketingatletas.com.ar\/programa-especializado\/wp-content\/uploads\/2026\/03\/mkt2025-32-768x205.webp 768w, https:\/\/marketingatletas.com.ar\/programa-especializado\/wp-content\/uploads\/2026\/03\/mkt2025-32-1536x411.webp 1536w, https:\/\/marketingatletas.com.ar\/programa-especializado\/wp-content\/uploads\/2026\/03\/mkt2025-32-2048x547.webp 2048w\" sizes=\"(max-width: 2560px) 100vw, 2560px\" \/>\t\t\t\t\t\t\t\t\t\t\t\t\t\t\t<\/div>\n\t\t\t\t<\/div>\n\t\t\t\t<div class=\"elementor-element elementor-element-5c5862f elementor-hidden-desktop elementor-hidden-tablet elementor-widget elementor-widget-image\" data-id=\"5c5862f\" data-element_type=\"widget\" data-e-type=\"widget\" data-widget_type=\"image.default\">\n\t\t\t\t<div class=\"elementor-widget-container\">\n\t\t\t\t\t\t\t\t\t\t\t\t\t\t\t<img decoding=\"async\" width=\"2560\" height=\"1541\" src=\"https:\/\/marketingatletas.com.ar\/programa-especializado\/wp-content\/uploads\/2026\/03\/mkt2025-33-scaled.webp\" class=\"attachment-full size-full wp-image-6021\" alt=\"\" srcset=\"https:\/\/marketingatletas.com.ar\/programa-especializado\/wp-content\/uploads\/2026\/03\/mkt2025-33-scaled.webp 2560w, https:\/\/marketingatletas.com.ar\/programa-especializado\/wp-content\/uploads\/2026\/03\/mkt2025-33-300x181.webp 300w, https:\/\/marketingatletas.com.ar\/programa-especializado\/wp-content\/uploads\/2026\/03\/mkt2025-33-1024x617.webp 1024w, https:\/\/marketingatletas.com.ar\/programa-especializado\/wp-content\/uploads\/2026\/03\/mkt2025-33-768x462.webp 768w, https:\/\/marketingatletas.com.ar\/programa-especializado\/wp-content\/uploads\/2026\/03\/mkt2025-33-1536x925.webp 1536w, https:\/\/marketingatletas.com.ar\/programa-especializado\/wp-content\/uploads\/2026\/03\/mkt2025-33-2048x1233.webp 2048w\" sizes=\"(max-width: 2560px) 100vw, 2560px\" \/>\t\t\t\t\t\t\t\t\t\t\t\t\t\t\t<\/div>\n\t\t\t\t<\/div>\n\t\t\t\t\t<\/div>\n\t\t<\/div>\n\t\t\t\t\t<\/div>\n\t\t<\/section>\n\t\t\t\t<section class=\"elementor-section elementor-top-section elementor-element elementor-element-49ba60e elementor-section-boxed elementor-section-height-default elementor-section-height-default\" data-id=\"49ba60e\" data-element_type=\"section\" data-e-type=\"section\" data-settings=\"{&quot;background_background&quot;:&quot;classic&quot;}\">\n\t\t\t\t\t\t<div class=\"elementor-container elementor-column-gap-default\">\n\t\t\t\t\t<div class=\"elementor-column elementor-col-100 elementor-top-column elementor-element elementor-element-7b06c36\" data-id=\"7b06c36\" data-element_type=\"column\" data-e-type=\"column\" data-settings=\"{&quot;background_background&quot;:&quot;classic&quot;}\">\n\t\t\t<div class=\"elementor-widget-wrap elementor-element-populated\">\n\t\t\t\t\t\t<div class=\"elementor-element elementor-element-5b8c231 elementor-widget elementor-widget-text-editor\" data-id=\"5b8c231\" data-element_type=\"widget\" data-e-type=\"widget\" data-widget_type=\"text-editor.default\">\n\t\t\t\t<div class=\"elementor-widget-container\">\n\t\t\t\t\t\t\t\t\t<p>Info <strong>adelanto exclusivo<\/strong> para vos\u00a0<\/p>\t\t\t\t\t\t\t\t<\/div>\n\t\t\t\t<\/div>\n\t\t\t\t<section class=\"elementor-section elementor-inner-section elementor-element elementor-element-3fbb4db elementor-section-boxed elementor-section-height-default elementor-section-height-default\" data-id=\"3fbb4db\" data-element_type=\"section\" data-e-type=\"section\">\n\t\t\t\t\t\t<div class=\"elementor-container elementor-column-gap-default\">\n\t\t\t\t\t<div class=\"elementor-column elementor-col-100 elementor-inner-column elementor-element elementor-element-3ca7da9\" data-id=\"3ca7da9\" data-element_type=\"column\" data-e-type=\"column\">\n\t\t\t<div class=\"elementor-widget-wrap elementor-element-populated\">\n\t\t\t\t\t\t<div class=\"elementor-element elementor-element-ce902d5 elementor-widget elementor-widget-text-editor\" data-id=\"ce902d5\" data-element_type=\"widget\" data-e-type=\"widget\" data-widget_type=\"text-editor.default\">\n\t\t\t\t<div class=\"elementor-widget-container\">\n\t\t\t\t\t\t\t\t\t<p>SI YA NOS CONOCEMOS<\/p>\t\t\t\t\t\t\t\t<\/div>\n\t\t\t\t<\/div>\n\t\t\t\t<div class=\"elementor-element elementor-element-248c7f6 elementor-widget elementor-widget-text-editor\" data-id=\"248c7f6\" data-element_type=\"widget\" data-e-type=\"widget\" data-widget_type=\"text-editor.default\">\n\t\t\t\t<div class=\"elementor-widget-container\">\n\t\t\t\t\t\t\t\t\t<p style=\"text-align: center;\"><span data-contrast=\"auto\">Sab\u00e9s que, una vez por a\u00f1o, lanzo mi <strong>Programa Especializado en Marketing Digital Deportivo.<\/strong><\/span><span data-ccp-props=\"{&quot;201341983&quot;:0,&quot;335559738&quot;:60,&quot;335559739&quot;:60,&quot;335559740&quot;:259}\">\u00a0<span style=\"font-weight: 400;\">Este a\u00f1o llega su 7\u00b0 Edici\u00f3n.<\/span><\/span><\/p>\t\t\t\t\t\t\t\t<\/div>\n\t\t\t\t<\/div>\n\t\t\t\t<div class=\"elementor-element elementor-element-0b73b9c elementor-widget elementor-widget-text-editor\" data-id=\"0b73b9c\" data-element_type=\"widget\" data-e-type=\"widget\" data-widget_type=\"text-editor.default\">\n\t\t\t\t<div class=\"elementor-widget-container\">\n\t\t\t\t\t\t\t\t\t<p>SI TODAV\u00cdA NO NOS CONOCEMOS<\/p>\t\t\t\t\t\t\t\t<\/div>\n\t\t\t\t<\/div>\n\t\t\t\t<div class=\"elementor-element elementor-element-346bd43 elementor-widget elementor-widget-text-editor\" data-id=\"346bd43\" data-element_type=\"widget\" data-e-type=\"widget\" data-widget_type=\"text-editor.default\">\n\t\t\t\t<div class=\"elementor-widget-container\">\n\t\t\t\t\t\t\t\t\t<p>Quiero contarte\u00a0un\u00a0algo muy importante: El Programa Especializado es el\u00a0<b>\u00fanico del mercado 100% focalizado\u00a0<\/b>para proyectos y contenidos, de\u00a0<b>roles deportivos como el tuyo.\u00a0\u00a0<\/b><\/p><p><b>Es una \u00fanica Edici\u00f3n por a\u00f1o<\/b><span style=\"font-weight: 400;\">, para trabajar y acompa\u00f1arte en 10 semanas con 7 m\u00f3dulos paso a paso, con el objetivo de que puedas <\/span><b>potenciar tu rol en el deporte<\/b><span style=\"font-weight: 400;\"> aplicando lo necesario desde tu comunicaci\u00f3n digital deportiva.<\/span><\/p>\t\t\t\t\t\t\t\t<\/div>\n\t\t\t\t<\/div>\n\t\t\t\t<div class=\"elementor-element elementor-element-47610e2 elementor-widget elementor-widget-text-editor\" data-id=\"47610e2\" data-element_type=\"widget\" data-e-type=\"widget\" data-widget_type=\"text-editor.default\">\n\t\t\t\t<div class=\"elementor-widget-container\">\n\t\t\t\t\t\t\t\t\t<p>CUPOS LIMITADOS<\/p>\t\t\t\t\t\t\t\t<\/div>\n\t\t\t\t<\/div>\n\t\t\t\t<div class=\"elementor-element elementor-element-7d2d29b elementor-widget elementor-widget-text-editor\" data-id=\"7d2d29b\" data-element_type=\"widget\" data-e-type=\"widget\" data-widget_type=\"text-editor.default\">\n\t\t\t\t<div class=\"elementor-widget-container\">\n\t\t\t\t\t\t\t\t\t<p>PARA GARANTIZAR LA EXPERIENCIA<\/p>\t\t\t\t\t\t\t\t<\/div>\n\t\t\t\t<\/div>\n\t\t\t\t\t<\/div>\n\t\t<\/div>\n\t\t\t\t\t<\/div>\n\t\t<\/section>\n\t\t\t\t\t<\/div>\n\t\t<\/div>\n\t\t\t\t\t<\/div>\n\t\t<\/section>\n\t\t\t\t<\/div>\n\t\t","protected":false},"excerpt":{"rendered":"<p>\u00a1Tu suscripci\u00f3n fue confirmada! Complet\u00e1 este formulario sobre tu Rol y Proyecto Deportivo: \u00a1ME POSTULO! INCLUYE BENEFICIOS POR POSTULACI\u00d3N ANTICIPADA Info adelanto exclusivo para vos\u00a0 SI YA NOS CONOCEMOS Sab\u00e9s que, una vez por a\u00f1o, lanzo mi Programa Especializado en Marketing Digital Deportivo.\u00a0Este a\u00f1o llega su 7\u00b0 Edici\u00f3n. SI TODAV\u00cdA NO NOS CONOCEMOS Quiero contarte\u00a0un\u00a0algo [&hellip;]<\/p>\n","protected":false},"author":3,"featured_media":0,"parent":0,"menu_order":0,"comment_status":"closed","ping_status":"closed","template":"","meta":{"ocean_post_layout":"","ocean_both_sidebars_style":"","ocean_both_sidebars_content_width":0,"ocean_both_sidebars_sidebars_width":0,"ocean_sidebar":"0","ocean_second_sidebar":"0","ocean_disable_margins":"enable","ocean_add_body_class":"","ocean_shortcode_before_top_bar":"","ocean_shortcode_after_top_bar":"","ocean_shortcode_before_header":"","ocean_shortcode_after_header":"","ocean_has_shortcode":"","ocean_shortcode_after_title":"","ocean_shortcode_before_footer_widgets":"","ocean_shortcode_after_footer_widgets":"","ocean_shortcode_before_footer_bottom":"","ocean_shortcode_after_footer_bottom":"","ocean_display_top_bar":"default","ocean_display_header":"default","ocean_header_style":"","ocean_center_header_left_menu":"0","ocean_custom_header_template":"0","ocean_custom_logo":0,"ocean_custom_retina_logo":0,"ocean_custom_logo_max_width":0,"ocean_custom_logo_tablet_max_width":0,"ocean_custom_logo_mobile_max_width":0,"ocean_custom_logo_max_height":0,"ocean_custom_logo_tablet_max_height":0,"ocean_custom_logo_mobile_max_height":0,"ocean_header_custom_menu":"0","ocean_menu_typo_font_family":"0","ocean_menu_typo_font_subset":"","ocean_menu_typo_font_size":0,"ocean_menu_typo_font_size_tablet":0,"ocean_menu_typo_font_size_mobile":0,"ocean_menu_typo_font_size_unit":"px","ocean_menu_typo_font_weight":"","ocean_menu_typo_font_weight_tablet":"","ocean_menu_typo_font_weight_mobile":"","ocean_menu_typo_transform":"","ocean_menu_typo_transform_tablet":"","ocean_menu_typo_transform_mobile":"","ocean_menu_typo_line_height":0,"ocean_menu_typo_line_height_tablet":0,"ocean_menu_typo_line_height_mobile":0,"ocean_menu_typo_line_height_unit":"","ocean_menu_typo_spacing":0,"ocean_menu_typo_spacing_tablet":0,"ocean_menu_typo_spacing_mobile":0,"ocean_menu_typo_spacing_unit":"","ocean_menu_link_color":"","ocean_menu_link_color_hover":"","ocean_menu_link_color_active":"","ocean_menu_link_background":"","ocean_menu_link_hover_background":"","ocean_menu_link_active_background":"","ocean_menu_social_links_bg":"","ocean_menu_social_hover_links_bg":"","ocean_menu_social_links_color":"","ocean_menu_social_hover_links_color":"","ocean_disable_title":"default","ocean_disable_heading":"default","ocean_post_title":"","ocean_post_subheading":"","ocean_post_title_style":"","ocean_post_title_background_color":"","ocean_post_title_background":0,"ocean_post_title_bg_image_position":"","ocean_post_title_bg_image_attachment":"","ocean_post_title_bg_image_repeat":"","ocean_post_title_bg_image_size":"","ocean_post_title_height":0,"ocean_post_title_bg_overlay":0.5,"ocean_post_title_bg_overlay_color":"","ocean_disable_breadcrumbs":"default","ocean_breadcrumbs_color":"","ocean_breadcrumbs_separator_color":"","ocean_breadcrumbs_links_color":"","ocean_breadcrumbs_links_hover_color":"","ocean_display_footer_widgets":"default","ocean_display_footer_bottom":"default","ocean_custom_footer_template":"0","_joinchat":[],"footnotes":""},"class_list":["post-6009","page","type-page","status-publish","hentry","entry"],"yoast_head":"<!-- This site is optimized with the Yoast SEO plugin v27.5 - https:\/\/yoast.com\/product\/yoast-seo-wordpress\/ -->\n<title>DOBLE OPTIN 3 - Programa Especializado en Marketing Digital Deportivo<\/title>\n<meta name=\"robots\" content=\"index, follow, max-snippet:-1, max-image-preview:large, max-video-preview:-1\" \/>\n<link rel=\"canonical\" href=\"https:\/\/marketingatletas.com.ar\/programa-especializado\/doble-optin-3\/\" \/>\n<meta property=\"og:locale\" content=\"es_ES\" \/>\n<meta property=\"og:type\" content=\"article\" \/>\n<meta property=\"og:title\" content=\"DOBLE OPTIN 3 - Programa Especializado en Marketing Digital Deportivo\" \/>\n<meta property=\"og:description\" content=\"\u00a1Tu suscripci\u00f3n fue confirmada! Complet\u00e1 este formulario sobre tu Rol y Proyecto Deportivo: \u00a1ME POSTULO! INCLUYE BENEFICIOS POR POSTULACI\u00d3N ANTICIPADA Info adelanto exclusivo para vos\u00a0 SI YA NOS CONOCEMOS Sab\u00e9s que, una vez por a\u00f1o, lanzo mi Programa Especializado en Marketing Digital Deportivo.\u00a0Este a\u00f1o llega su 7\u00b0 Edici\u00f3n. SI TODAV\u00cdA NO NOS CONOCEMOS Quiero contarte\u00a0un\u00a0algo [&hellip;]\" \/>\n<meta property=\"og:url\" content=\"https:\/\/marketingatletas.com.ar\/programa-especializado\/doble-optin-3\/\" \/>\n<meta property=\"og:site_name\" content=\"Programa Especializado en Marketing Digital Deportivo\" \/>\n<meta property=\"article:modified_time\" content=\"2026-03-05T14:19:17+00:00\" \/>\n<meta property=\"og:image\" content=\"https:\/\/marketingatletas.com.ar\/programa-especializado\/wp-content\/uploads\/2026\/03\/Recurso-1.png\" \/>\n\t<meta property=\"og:image:width\" content=\"1281\" \/>\n\t<meta property=\"og:image:height\" content=\"132\" \/>\n\t<meta property=\"og:image:type\" content=\"image\/png\" \/>\n<meta name=\"twitter:card\" content=\"summary_large_image\" \/>\n<meta name=\"twitter:label1\" content=\"Tiempo de lectura\" \/>\n\t<meta name=\"twitter:data1\" content=\"2 minutos\" \/>\n<script type=\"application\/ld+json\" class=\"yoast-schema-graph\">{\"@context\":\"https:\\\/\\\/schema.org\",\"@graph\":[{\"@type\":\"WebPage\",\"@id\":\"https:\\\/\\\/marketingatletas.com.ar\\\/programa-especializado\\\/doble-optin-3\\\/\",\"url\":\"https:\\\/\\\/marketingatletas.com.ar\\\/programa-especializado\\\/doble-optin-3\\\/\",\"name\":\"DOBLE OPTIN 3 - Programa Especializado en Marketing Digital Deportivo\",\"isPartOf\":{\"@id\":\"https:\\\/\\\/marketingatletas.com.ar\\\/programa-especializado\\\/#website\"},\"primaryImageOfPage\":{\"@id\":\"https:\\\/\\\/marketingatletas.com.ar\\\/programa-especializado\\\/doble-optin-3\\\/#primaryimage\"},\"image\":{\"@id\":\"https:\\\/\\\/marketingatletas.com.ar\\\/programa-especializado\\\/doble-optin-3\\\/#primaryimage\"},\"thumbnailUrl\":\"https:\\\/\\\/marketingatletas.com.ar\\\/programa-especializado\\\/wp-content\\\/uploads\\\/2026\\\/03\\\/Recurso-1-300x31.png\",\"datePublished\":\"2026-03-04T13:36:15+00:00\",\"dateModified\":\"2026-03-05T14:19:17+00:00\",\"breadcrumb\":{\"@id\":\"https:\\\/\\\/marketingatletas.com.ar\\\/programa-especializado\\\/doble-optin-3\\\/#breadcrumb\"},\"inLanguage\":\"es\",\"potentialAction\":[{\"@type\":\"ReadAction\",\"target\":[\"https:\\\/\\\/marketingatletas.com.ar\\\/programa-especializado\\\/doble-optin-3\\\/\"]}]},{\"@type\":\"ImageObject\",\"inLanguage\":\"es\",\"@id\":\"https:\\\/\\\/marketingatletas.com.ar\\\/programa-especializado\\\/doble-optin-3\\\/#primaryimage\",\"url\":\"https:\\\/\\\/marketingatletas.com.ar\\\/programa-especializado\\\/wp-content\\\/uploads\\\/2026\\\/03\\\/Recurso-1.png\",\"contentUrl\":\"https:\\\/\\\/marketingatletas.com.ar\\\/programa-especializado\\\/wp-content\\\/uploads\\\/2026\\\/03\\\/Recurso-1.png\",\"width\":1281,\"height\":132},{\"@type\":\"BreadcrumbList\",\"@id\":\"https:\\\/\\\/marketingatletas.com.ar\\\/programa-especializado\\\/doble-optin-3\\\/#breadcrumb\",\"itemListElement\":[{\"@type\":\"ListItem\",\"position\":1,\"name\":\"Portada\",\"item\":\"https:\\\/\\\/marketingatletas.com.ar\\\/programa-especializado\\\/\"},{\"@type\":\"ListItem\",\"position\":2,\"name\":\"DOBLE OPTIN 3\"}]},{\"@type\":\"WebSite\",\"@id\":\"https:\\\/\\\/marketingatletas.com.ar\\\/programa-especializado\\\/#website\",\"url\":\"https:\\\/\\\/marketingatletas.com.ar\\\/programa-especializado\\\/\",\"name\":\"Programa Especializado en Marketing Digital Deportivo\",\"description\":\"\",\"publisher\":{\"@id\":\"https:\\\/\\\/marketingatletas.com.ar\\\/programa-especializado\\\/#organization\"},\"potentialAction\":[{\"@type\":\"SearchAction\",\"target\":{\"@type\":\"EntryPoint\",\"urlTemplate\":\"https:\\\/\\\/marketingatletas.com.ar\\\/programa-especializado\\\/?s={search_term_string}\"},\"query-input\":{\"@type\":\"PropertyValueSpecification\",\"valueRequired\":true,\"valueName\":\"search_term_string\"}}],\"inLanguage\":\"es\"},{\"@type\":\"Organization\",\"@id\":\"https:\\\/\\\/marketingatletas.com.ar\\\/programa-especializado\\\/#organization\",\"name\":\"Programa Especializado en Marketing Digital Deportivo\",\"url\":\"https:\\\/\\\/marketingatletas.com.ar\\\/programa-especializado\\\/\",\"logo\":{\"@type\":\"ImageObject\",\"inLanguage\":\"es\",\"@id\":\"https:\\\/\\\/marketingatletas.com.ar\\\/programa-especializado\\\/#\\\/schema\\\/logo\\\/image\\\/\",\"url\":\"https:\\\/\\\/marketingatletas.com.ar\\\/programa-especializado\\\/wp-content\\\/uploads\\\/2026\\\/03\\\/LOGOTIPO_MPA.png\",\"contentUrl\":\"https:\\\/\\\/marketingatletas.com.ar\\\/programa-especializado\\\/wp-content\\\/uploads\\\/2026\\\/03\\\/LOGOTIPO_MPA.png\",\"width\":944,\"height\":172,\"caption\":\"Programa Especializado en Marketing Digital Deportivo\"},\"image\":{\"@id\":\"https:\\\/\\\/marketingatletas.com.ar\\\/programa-especializado\\\/#\\\/schema\\\/logo\\\/image\\\/\"}}]}<\/script>\n<!-- \/ Yoast SEO plugin. -->","yoast_head_json":{"title":"DOBLE OPTIN 3 - Programa Especializado en Marketing Digital Deportivo","robots":{"index":"index","follow":"follow","max-snippet":"max-snippet:-1","max-image-preview":"max-image-preview:large","max-video-preview":"max-video-preview:-1"},"canonical":"https:\/\/marketingatletas.com.ar\/programa-especializado\/doble-optin-3\/","og_locale":"es_ES","og_type":"article","og_title":"DOBLE OPTIN 3 - Programa Especializado en Marketing Digital Deportivo","og_description":"\u00a1Tu suscripci\u00f3n fue confirmada! Complet\u00e1 este formulario sobre tu Rol y Proyecto Deportivo: \u00a1ME POSTULO! INCLUYE BENEFICIOS POR POSTULACI\u00d3N ANTICIPADA Info adelanto exclusivo para vos\u00a0 SI YA NOS CONOCEMOS Sab\u00e9s que, una vez por a\u00f1o, lanzo mi Programa Especializado en Marketing Digital Deportivo.\u00a0Este a\u00f1o llega su 7\u00b0 Edici\u00f3n. SI TODAV\u00cdA NO NOS CONOCEMOS Quiero contarte\u00a0un\u00a0algo [&hellip;]","og_url":"https:\/\/marketingatletas.com.ar\/programa-especializado\/doble-optin-3\/","og_site_name":"Programa Especializado en Marketing Digital Deportivo","article_modified_time":"2026-03-05T14:19:17+00:00","og_image":[{"width":1281,"height":132,"url":"https:\/\/marketingatletas.com.ar\/programa-especializado\/wp-content\/uploads\/2026\/03\/Recurso-1.png","type":"image\/png"}],"twitter_card":"summary_large_image","twitter_misc":{"Tiempo de lectura":"2 minutos"},"schema":{"@context":"https:\/\/schema.org","@graph":[{"@type":"WebPage","@id":"https:\/\/marketingatletas.com.ar\/programa-especializado\/doble-optin-3\/","url":"https:\/\/marketingatletas.com.ar\/programa-especializado\/doble-optin-3\/","name":"DOBLE OPTIN 3 - Programa Especializado en Marketing Digital Deportivo","isPartOf":{"@id":"https:\/\/marketingatletas.com.ar\/programa-especializado\/#website"},"primaryImageOfPage":{"@id":"https:\/\/marketingatletas.com.ar\/programa-especializado\/doble-optin-3\/#primaryimage"},"image":{"@id":"https:\/\/marketingatletas.com.ar\/programa-especializado\/doble-optin-3\/#primaryimage"},"thumbnailUrl":"https:\/\/marketingatletas.com.ar\/programa-especializado\/wp-content\/uploads\/2026\/03\/Recurso-1-300x31.png","datePublished":"2026-03-04T13:36:15+00:00","dateModified":"2026-03-05T14:19:17+00:00","breadcrumb":{"@id":"https:\/\/marketingatletas.com.ar\/programa-especializado\/doble-optin-3\/#breadcrumb"},"inLanguage":"es","potentialAction":[{"@type":"ReadAction","target":["https:\/\/marketingatletas.com.ar\/programa-especializado\/doble-optin-3\/"]}]},{"@type":"ImageObject","inLanguage":"es","@id":"https:\/\/marketingatletas.com.ar\/programa-especializado\/doble-optin-3\/#primaryimage","url":"https:\/\/marketingatletas.com.ar\/programa-especializado\/wp-content\/uploads\/2026\/03\/Recurso-1.png","contentUrl":"https:\/\/marketingatletas.com.ar\/programa-especializado\/wp-content\/uploads\/2026\/03\/Recurso-1.png","width":1281,"height":132},{"@type":"BreadcrumbList","@id":"https:\/\/marketingatletas.com.ar\/programa-especializado\/doble-optin-3\/#breadcrumb","itemListElement":[{"@type":"ListItem","position":1,"name":"Portada","item":"https:\/\/marketingatletas.com.ar\/programa-especializado\/"},{"@type":"ListItem","position":2,"name":"DOBLE OPTIN 3"}]},{"@type":"WebSite","@id":"https:\/\/marketingatletas.com.ar\/programa-especializado\/#website","url":"https:\/\/marketingatletas.com.ar\/programa-especializado\/","name":"Programa Especializado en Marketing Digital Deportivo","description":"","publisher":{"@id":"https:\/\/marketingatletas.com.ar\/programa-especializado\/#organization"},"potentialAction":[{"@type":"SearchAction","target":{"@type":"EntryPoint","urlTemplate":"https:\/\/marketingatletas.com.ar\/programa-especializado\/?s={search_term_string}"},"query-input":{"@type":"PropertyValueSpecification","valueRequired":true,"valueName":"search_term_string"}}],"inLanguage":"es"},{"@type":"Organization","@id":"https:\/\/marketingatletas.com.ar\/programa-especializado\/#organization","name":"Programa Especializado en Marketing Digital Deportivo","url":"https:\/\/marketingatletas.com.ar\/programa-especializado\/","logo":{"@type":"ImageObject","inLanguage":"es","@id":"https:\/\/marketingatletas.com.ar\/programa-especializado\/#\/schema\/logo\/image\/","url":"https:\/\/marketingatletas.com.ar\/programa-especializado\/wp-content\/uploads\/2026\/03\/LOGOTIPO_MPA.png","contentUrl":"https:\/\/marketingatletas.com.ar\/programa-especializado\/wp-content\/uploads\/2026\/03\/LOGOTIPO_MPA.png","width":944,"height":172,"caption":"Programa Especializado en Marketing Digital Deportivo"},"image":{"@id":"https:\/\/marketingatletas.com.ar\/programa-especializado\/#\/schema\/logo\/image\/"}}]}},"_links":{"self":[{"href":"https:\/\/marketingatletas.com.ar\/programa-especializado\/wp-json\/wp\/v2\/pages\/6009","targetHints":{"allow":["GET"]}}],"collection":[{"href":"https:\/\/marketingatletas.com.ar\/programa-especializado\/wp-json\/wp\/v2\/pages"}],"about":[{"href":"https:\/\/marketingatletas.com.ar\/programa-especializado\/wp-json\/wp\/v2\/types\/page"}],"author":[{"embeddable":true,"href":"https:\/\/marketingatletas.com.ar\/programa-especializado\/wp-json\/wp\/v2\/users\/3"}],"replies":[{"embeddable":true,"href":"https:\/\/marketingatletas.com.ar\/programa-especializado\/wp-json\/wp\/v2\/comments?post=6009"}],"version-history":[{"count":38,"href":"https:\/\/marketingatletas.com.ar\/programa-especializado\/wp-json\/wp\/v2\/pages\/6009\/revisions"}],"predecessor-version":[{"id":6866,"href":"https:\/\/marketingatletas.com.ar\/programa-especializado\/wp-json\/wp\/v2\/pages\/6009\/revisions\/6866"}],"wp:attachment":[{"href":"https:\/\/marketingatletas.com.ar\/programa-especializado\/wp-json\/wp\/v2\/media?parent=6009"}],"curies":[{"name":"wp","href":"https:\/\/api.w.org\/{rel}","templated":true}]}}