{"id":5540,"date":"2025-09-03T12:36:59","date_gmt":"2025-09-03T15:36:59","guid":{"rendered":"https:\/\/marketingatletas.com.ar\/programa-especializado\/?page_id=5540"},"modified":"2025-09-20T20:32:48","modified_gmt":"2025-09-20T23:32:48","slug":"pagina-de-gracias-masterclass-gratuita","status":"publish","type":"page","link":"https:\/\/marketingatletas.com.ar\/programa-especializado\/pagina-de-gracias-masterclass-gratuita\/","title":{"rendered":"P\u00e1gina de gracias &#8211; masterclass gratuita"},"content":{"rendered":"\t\t<div data-elementor-type=\"wp-page\" data-elementor-id=\"5540\" class=\"elementor elementor-5540\" data-elementor-post-type=\"page\">\n\t\t\t\t\t\t<section class=\"elementor-section elementor-top-section elementor-element elementor-element-e4a5b06 elementor-section-boxed elementor-section-height-default elementor-section-height-default\" data-id=\"e4a5b06\" data-element_type=\"section\" data-e-type=\"section\" data-settings=\"{&quot;background_background&quot;:&quot;gradient&quot;}\">\n\t\t\t\t\t\t\t<div class=\"elementor-background-overlay\"><\/div>\n\t\t\t\t\t\t\t<div class=\"elementor-container elementor-column-gap-default\">\n\t\t\t\t\t<div class=\"elementor-column elementor-col-100 elementor-top-column elementor-element elementor-element-d2cc780\" data-id=\"d2cc780\" data-element_type=\"column\" data-e-type=\"column\" data-settings=\"{&quot;background_background&quot;:&quot;classic&quot;}\">\n\t\t\t<div class=\"elementor-widget-wrap elementor-element-populated\">\n\t\t\t\t\t<div class=\"elementor-background-overlay\"><\/div>\n\t\t\t\t\t\t<section class=\"elementor-section elementor-inner-section elementor-element elementor-element-31ad033 elementor-section-boxed elementor-section-height-default elementor-section-height-default\" data-id=\"31ad033\" data-element_type=\"section\" data-e-type=\"section\">\n\t\t\t\t\t\t<div class=\"elementor-container elementor-column-gap-default\">\n\t\t\t\t\t<div class=\"elementor-column elementor-col-50 elementor-inner-column elementor-element elementor-element-f768f13\" data-id=\"f768f13\" data-element_type=\"column\" data-e-type=\"column\">\n\t\t\t<div class=\"elementor-widget-wrap elementor-element-populated\">\n\t\t\t\t\t\t<div class=\"elementor-element elementor-element-a9b99eb elementor-hidden-mobile elementor-widget elementor-widget-image\" data-id=\"a9b99eb\" data-element_type=\"widget\" data-e-type=\"widget\" data-widget_type=\"image.default\">\n\t\t\t\t<div class=\"elementor-widget-container\">\n\t\t\t\t\t\t\t\t\t\t\t\t\t\t\t<img fetchpriority=\"high\" decoding=\"async\" width=\"691\" height=\"1024\" src=\"https:\/\/marketingatletas.com.ar\/programa-especializado\/wp-content\/uploads\/2025\/09\/Masterclass-09-691x1024.webp\" class=\"attachment-large size-large wp-image-5536\" alt=\"\" srcset=\"https:\/\/marketingatletas.com.ar\/programa-especializado\/wp-content\/uploads\/2025\/09\/Masterclass-09-691x1024.webp 691w, https:\/\/marketingatletas.com.ar\/programa-especializado\/wp-content\/uploads\/2025\/09\/Masterclass-09-202x300.webp 202w, https:\/\/marketingatletas.com.ar\/programa-especializado\/wp-content\/uploads\/2025\/09\/Masterclass-09-768x1138.webp 768w, https:\/\/marketingatletas.com.ar\/programa-especializado\/wp-content\/uploads\/2025\/09\/Masterclass-09-1036x1536.webp 1036w, https:\/\/marketingatletas.com.ar\/programa-especializado\/wp-content\/uploads\/2025\/09\/Masterclass-09.webp 1357w\" sizes=\"(max-width: 691px) 100vw, 691px\" \/>\t\t\t\t\t\t\t\t\t\t\t\t\t\t\t<\/div>\n\t\t\t\t<\/div>\n\t\t\t\t<div class=\"elementor-element elementor-element-8dfc4c9 elementor-hidden-desktop elementor-hidden-tablet elementor-widget elementor-widget-image\" data-id=\"8dfc4c9\" data-element_type=\"widget\" data-e-type=\"widget\" data-widget_type=\"image.default\">\n\t\t\t\t<div class=\"elementor-widget-container\">\n\t\t\t\t\t\t\t\t\t\t\t\t\t\t\t<img decoding=\"async\" width=\"1024\" height=\"444\" src=\"https:\/\/marketingatletas.com.ar\/programa-especializado\/wp-content\/uploads\/2025\/09\/mel-mkt-12-1024x444.webp\" class=\"attachment-large size-large wp-image-5779\" alt=\"\" srcset=\"https:\/\/marketingatletas.com.ar\/programa-especializado\/wp-content\/uploads\/2025\/09\/mel-mkt-12-1024x444.webp 1024w, https:\/\/marketingatletas.com.ar\/programa-especializado\/wp-content\/uploads\/2025\/09\/mel-mkt-12-300x130.webp 300w, https:\/\/marketingatletas.com.ar\/programa-especializado\/wp-content\/uploads\/2025\/09\/mel-mkt-12-768x333.webp 768w, https:\/\/marketingatletas.com.ar\/programa-especializado\/wp-content\/uploads\/2025\/09\/mel-mkt-12.webp 1357w\" sizes=\"(max-width: 1024px) 100vw, 1024px\" \/>\t\t\t\t\t\t\t\t\t\t\t\t\t\t\t<\/div>\n\t\t\t\t<\/div>\n\t\t\t\t\t<\/div>\n\t\t<\/div>\n\t\t\t\t<div class=\"elementor-column elementor-col-50 elementor-inner-column elementor-element elementor-element-2dace38\" data-id=\"2dace38\" data-element_type=\"column\" data-e-type=\"column\">\n\t\t\t<div class=\"elementor-widget-wrap elementor-element-populated\">\n\t\t\t\t\t\t<div class=\"elementor-element elementor-element-d5cd1b8 elementor-widget elementor-widget-text-editor\" data-id=\"d5cd1b8\" data-element_type=\"widget\" data-e-type=\"widget\" data-widget_type=\"text-editor.default\">\n\t\t\t\t<div class=\"elementor-widget-container\">\n\t\t\t\t\t\t\t\t\t<p><b>Te faltan 2 pasos\u00a0<\/b><\/p>\t\t\t\t\t\t\t\t<\/div>\n\t\t\t\t<\/div>\n\t\t\t\t<div class=\"elementor-element elementor-element-c1b0098 elementor-widget__width-initial elementor-widget-mobile__width-inherit elementor-widget-tablet__width-inherit elementor-widget elementor-widget-text-editor\" data-id=\"c1b0098\" data-element_type=\"widget\" data-e-type=\"widget\" data-widget_type=\"text-editor.default\">\n\t\t\t\t<div class=\"elementor-widget-container\">\n\t\t\t\t\t\t\t\t\t<p><b>\u00a1FUNDAMENTALES!<\/b><\/p>\t\t\t\t\t\t\t\t<\/div>\n\t\t\t\t<\/div>\n\t\t\t\t<div class=\"elementor-element elementor-element-3fa2186 elementor-widget elementor-widget-text-editor\" data-id=\"3fa2186\" data-element_type=\"widget\" data-e-type=\"widget\" data-widget_type=\"text-editor.default\">\n\t\t\t\t<div class=\"elementor-widget-container\">\n\t\t\t\t\t\t\t\t\t<p><b>para confirmar tu lugar<\/b><b>!<\/b><\/p>\t\t\t\t\t\t\t\t<\/div>\n\t\t\t\t<\/div>\n\t\t\t\t<div class=\"elementor-element elementor-element-d3111ca elementor-widget__width-initial elementor-widget-mobile__width-inherit elementor-widget elementor-widget-text-editor\" data-id=\"d3111ca\" data-element_type=\"widget\" data-e-type=\"widget\" data-widget_type=\"text-editor.default\">\n\t\t\t\t<div class=\"elementor-widget-container\">\n\t\t\t\t\t\t\t\t\t<p><b>PASO 1<\/b><\/p>\t\t\t\t\t\t\t\t<\/div>\n\t\t\t\t<\/div>\n\t\t\t\t<div class=\"elementor-element elementor-element-f1a0157 elementor-widget elementor-widget-text-editor\" data-id=\"f1a0157\" data-element_type=\"widget\" data-e-type=\"widget\" data-widget_type=\"text-editor.default\">\n\t\t\t\t<div class=\"elementor-widget-container\">\n\t\t\t\t\t\t\t\t\t<p><span style=\"font-weight: 400;\">Te enviamos un primer mail con el asunto: <\/span><span style=\"color: #ff0074;\"><b>\u00a1CONFIRM\u00c1 TU CORREO PARA SUMARTE!. <br \/><\/b><\/span><span style=\"font-weight: 400;\">Deber\u00e1s clickear en <\/span><b>CONFIRMAR<\/b><span style=\"font-weight: 400;\"> para asegurar tu inscripci\u00f3n.<\/span><\/p>\t\t\t\t\t\t\t\t<\/div>\n\t\t\t\t<\/div>\n\t\t\t\t<div class=\"elementor-element elementor-element-c52f790 elementor-widget elementor-widget-text-editor\" data-id=\"c52f790\" data-element_type=\"widget\" data-e-type=\"widget\" data-widget_type=\"text-editor.default\">\n\t\t\t\t<div class=\"elementor-widget-container\">\n\t\t\t\t\t\t\t\t\t<p><i><span style=\"font-weight: 400;\">Si no ves el mail, revisa en promociones o spam, y\u00a0<\/span><\/i><b><i>pasalo a tu bandeja principal<\/i><\/b><i><span style=\"font-weight: 400;\">\u00a0para que te lleguen los recordatorios.<\/span><\/i><\/p>\t\t\t\t\t\t\t\t<\/div>\n\t\t\t\t<\/div>\n\t\t\t\t<div class=\"elementor-element elementor-element-c2a960b elementor-widget__width-initial elementor-widget-mobile__width-inherit elementor-widget elementor-widget-text-editor\" data-id=\"c2a960b\" data-element_type=\"widget\" data-e-type=\"widget\" data-widget_type=\"text-editor.default\">\n\t\t\t\t<div class=\"elementor-widget-container\">\n\t\t\t\t\t\t\t\t\t<p><b>PASO 2<\/b><\/p>\t\t\t\t\t\t\t\t<\/div>\n\t\t\t\t<\/div>\n\t\t\t\t<div class=\"elementor-element elementor-element-fac094f elementor-widget elementor-widget-text-editor\" data-id=\"fac094f\" data-element_type=\"widget\" data-e-type=\"widget\" data-widget_type=\"text-editor.default\">\n\t\t\t\t<div class=\"elementor-widget-container\">\n\t\t\t\t\t\t\t\t\t<p>Te espero en el <strong>Grupo Exclusivo<\/strong> (y tranquilo!) <strong>de WhatsApp<\/strong> para no perderte de nada!<\/p>\t\t\t\t\t\t\t\t<\/div>\n\t\t\t\t<\/div>\n\t\t\t\t<div class=\"elementor-element elementor-element-b779c16 elementor-align-left elementor-mobile-align-center elementor-tablet-align-center elementor-widget elementor-widget-button\" data-id=\"b779c16\" data-element_type=\"widget\" data-e-type=\"widget\" data-widget_type=\"button.default\">\n\t\t\t\t<div class=\"elementor-widget-container\">\n\t\t\t\t\t\t\t\t\t<div class=\"elementor-button-wrapper\">\n\t\t\t\t\t<a class=\"elementor-button elementor-button-link elementor-size-lg\" href=\"https:\/\/chat.whatsapp.com\/EFcFa8lg6rs3zuGxNe4Hhz\" target=\"_blank\">\n\t\t\t\t\t\t<span class=\"elementor-button-content-wrapper\">\n\t\t\t\t\t\t<span class=\"elementor-button-icon\">\n\t\t\t\t<i aria-hidden=\"true\" class=\"fab fa-whatsapp\"><\/i>\t\t\t<\/span>\n\t\t\t\t\t\t\t\t\t<span class=\"elementor-button-text\">\u00a1Me sumo!<\/span>\n\t\t\t\t\t<\/span>\n\t\t\t\t\t<\/a>\n\t\t\t\t<\/div>\n\t\t\t\t\t\t\t\t<\/div>\n\t\t\t\t<\/div>\n\t\t\t\t\t<\/div>\n\t\t<\/div>\n\t\t\t\t\t<\/div>\n\t\t<\/section>\n\t\t\t\t\t<\/div>\n\t\t<\/div>\n\t\t\t\t\t<\/div>\n\t\t<\/section>\n\t\t\t\t<\/div>\n\t\t","protected":false},"excerpt":{"rendered":"<p>Te faltan 2 pasos\u00a0 \u00a1FUNDAMENTALES! para confirmar tu lugar! PASO 1 Te enviamos un primer mail con el asunto: \u00a1CONFIRM\u00c1 TU CORREO PARA SUMARTE!. Deber\u00e1s clickear en CONFIRMAR para asegurar tu inscripci\u00f3n. Si no ves el mail, revisa en promociones o spam, y\u00a0pasalo a tu bandeja principal\u00a0para que te lleguen los recordatorios. PASO 2 Te [&hellip;]<\/p>\n","protected":false},"author":3,"featured_media":0,"parent":0,"menu_order":0,"comment_status":"closed","ping_status":"closed","template":"","meta":{"ocean_post_layout":"","ocean_both_sidebars_style":"","ocean_both_sidebars_content_width":0,"ocean_both_sidebars_sidebars_width":0,"ocean_sidebar":"0","ocean_second_sidebar":"0","ocean_disable_margins":"enable","ocean_add_body_class":"","ocean_shortcode_before_top_bar":"","ocean_shortcode_after_top_bar":"","ocean_shortcode_before_header":"","ocean_shortcode_after_header":"","ocean_has_shortcode":"","ocean_shortcode_after_title":"","ocean_shortcode_before_footer_widgets":"","ocean_shortcode_after_footer_widgets":"","ocean_shortcode_before_footer_bottom":"","ocean_shortcode_after_footer_bottom":"","ocean_display_top_bar":"default","ocean_display_header":"default","ocean_header_style":"","ocean_center_header_left_menu":"0","ocean_custom_header_template":"0","ocean_custom_logo":0,"ocean_custom_retina_logo":0,"ocean_custom_logo_max_width":0,"ocean_custom_logo_tablet_max_width":0,"ocean_custom_logo_mobile_max_width":0,"ocean_custom_logo_max_height":0,"ocean_custom_logo_tablet_max_height":0,"ocean_custom_logo_mobile_max_height":0,"ocean_header_custom_menu":"0","ocean_menu_typo_font_family":"0","ocean_menu_typo_font_subset":"","ocean_menu_typo_font_size":0,"ocean_menu_typo_font_size_tablet":0,"ocean_menu_typo_font_size_mobile":0,"ocean_menu_typo_font_size_unit":"px","ocean_menu_typo_font_weight":"","ocean_menu_typo_font_weight_tablet":"","ocean_menu_typo_font_weight_mobile":"","ocean_menu_typo_transform":"","ocean_menu_typo_transform_tablet":"","ocean_menu_typo_transform_mobile":"","ocean_menu_typo_line_height":0,"ocean_menu_typo_line_height_tablet":0,"ocean_menu_typo_line_height_mobile":0,"ocean_menu_typo_line_height_unit":"","ocean_menu_typo_spacing":0,"ocean_menu_typo_spacing_tablet":0,"ocean_menu_typo_spacing_mobile":0,"ocean_menu_typo_spacing_unit":"","ocean_menu_link_color":"","ocean_menu_link_color_hover":"","ocean_menu_link_color_active":"","ocean_menu_link_background":"","ocean_menu_link_hover_background":"","ocean_menu_link_active_background":"","ocean_menu_social_links_bg":"","ocean_menu_social_hover_links_bg":"","ocean_menu_social_links_color":"","ocean_menu_social_hover_links_color":"","ocean_disable_title":"default","ocean_disable_heading":"default","ocean_post_title":"","ocean_post_subheading":"","ocean_post_title_style":"","ocean_post_title_background_color":"","ocean_post_title_background":0,"ocean_post_title_bg_image_position":"","ocean_post_title_bg_image_attachment":"","ocean_post_title_bg_image_repeat":"","ocean_post_title_bg_image_size":"","ocean_post_title_height":0,"ocean_post_title_bg_overlay":0.5,"ocean_post_title_bg_overlay_color":"","ocean_disable_breadcrumbs":"default","ocean_breadcrumbs_color":"","ocean_breadcrumbs_separator_color":"","ocean_breadcrumbs_links_color":"","ocean_breadcrumbs_links_hover_color":"","ocean_display_footer_widgets":"default","ocean_display_footer_bottom":"default","ocean_custom_footer_template":"0","_joinchat":[],"footnotes":""},"class_list":["post-5540","page","type-page","status-publish","hentry","entry"],"yoast_head":"<!-- This site is optimized with the Yoast SEO plugin v27.5 - https:\/\/yoast.com\/product\/yoast-seo-wordpress\/ -->\n<title>P\u00e1gina de gracias - masterclass gratuita - Programa Especializado en Marketing Digital Deportivo<\/title>\n<meta name=\"robots\" content=\"index, follow, max-snippet:-1, max-image-preview:large, max-video-preview:-1\" \/>\n<link rel=\"canonical\" href=\"https:\/\/marketingatletas.com.ar\/programa-especializado\/pagina-de-gracias-masterclass-gratuita\/\" \/>\n<meta property=\"og:locale\" content=\"es_ES\" \/>\n<meta property=\"og:type\" content=\"article\" \/>\n<meta property=\"og:title\" content=\"P\u00e1gina de gracias - masterclass gratuita - Programa Especializado en Marketing Digital Deportivo\" \/>\n<meta property=\"og:description\" content=\"Te faltan 2 pasos\u00a0 \u00a1FUNDAMENTALES! para confirmar tu lugar! PASO 1 Te enviamos un primer mail con el asunto: \u00a1CONFIRM\u00c1 TU CORREO PARA SUMARTE!. Deber\u00e1s clickear en CONFIRMAR para asegurar tu inscripci\u00f3n. Si no ves el mail, revisa en promociones o spam, y\u00a0pasalo a tu bandeja principal\u00a0para que te lleguen los recordatorios. PASO 2 Te [&hellip;]\" \/>\n<meta property=\"og:url\" content=\"https:\/\/marketingatletas.com.ar\/programa-especializado\/pagina-de-gracias-masterclass-gratuita\/\" \/>\n<meta property=\"og:site_name\" content=\"Programa Especializado en Marketing Digital Deportivo\" \/>\n<meta property=\"article:modified_time\" content=\"2025-09-20T23:32:48+00:00\" \/>\n<meta property=\"og:image\" content=\"https:\/\/marketingatletas.com.ar\/programa-especializado\/wp-content\/uploads\/2025\/09\/Masterclass-09.webp\" \/>\n\t<meta property=\"og:image:width\" content=\"1357\" \/>\n\t<meta property=\"og:image:height\" content=\"2011\" \/>\n\t<meta property=\"og:image:type\" content=\"image\/webp\" \/>\n<meta name=\"twitter:card\" content=\"summary_large_image\" \/>\n<meta name=\"twitter:label1\" content=\"Tiempo de lectura\" \/>\n\t<meta name=\"twitter:data1\" content=\"1 minuto\" \/>\n<script type=\"application\/ld+json\" class=\"yoast-schema-graph\">{\"@context\":\"https:\\\/\\\/schema.org\",\"@graph\":[{\"@type\":\"WebPage\",\"@id\":\"https:\\\/\\\/marketingatletas.com.ar\\\/programa-especializado\\\/pagina-de-gracias-masterclass-gratuita\\\/\",\"url\":\"https:\\\/\\\/marketingatletas.com.ar\\\/programa-especializado\\\/pagina-de-gracias-masterclass-gratuita\\\/\",\"name\":\"P\u00e1gina de gracias - masterclass gratuita - Programa Especializado en Marketing Digital Deportivo\",\"isPartOf\":{\"@id\":\"https:\\\/\\\/marketingatletas.com.ar\\\/programa-especializado\\\/#website\"},\"primaryImageOfPage\":{\"@id\":\"https:\\\/\\\/marketingatletas.com.ar\\\/programa-especializado\\\/pagina-de-gracias-masterclass-gratuita\\\/#primaryimage\"},\"image\":{\"@id\":\"https:\\\/\\\/marketingatletas.com.ar\\\/programa-especializado\\\/pagina-de-gracias-masterclass-gratuita\\\/#primaryimage\"},\"thumbnailUrl\":\"https:\\\/\\\/marketingatletas.com.ar\\\/programa-especializado\\\/wp-content\\\/uploads\\\/2025\\\/09\\\/Masterclass-09-691x1024.webp\",\"datePublished\":\"2025-09-03T15:36:59+00:00\",\"dateModified\":\"2025-09-20T23:32:48+00:00\",\"breadcrumb\":{\"@id\":\"https:\\\/\\\/marketingatletas.com.ar\\\/programa-especializado\\\/pagina-de-gracias-masterclass-gratuita\\\/#breadcrumb\"},\"inLanguage\":\"es\",\"potentialAction\":[{\"@type\":\"ReadAction\",\"target\":[\"https:\\\/\\\/marketingatletas.com.ar\\\/programa-especializado\\\/pagina-de-gracias-masterclass-gratuita\\\/\"]}]},{\"@type\":\"ImageObject\",\"inLanguage\":\"es\",\"@id\":\"https:\\\/\\\/marketingatletas.com.ar\\\/programa-especializado\\\/pagina-de-gracias-masterclass-gratuita\\\/#primaryimage\",\"url\":\"https:\\\/\\\/marketingatletas.com.ar\\\/programa-especializado\\\/wp-content\\\/uploads\\\/2025\\\/09\\\/Masterclass-09.webp\",\"contentUrl\":\"https:\\\/\\\/marketingatletas.com.ar\\\/programa-especializado\\\/wp-content\\\/uploads\\\/2025\\\/09\\\/Masterclass-09.webp\",\"width\":1357,\"height\":2011},{\"@type\":\"BreadcrumbList\",\"@id\":\"https:\\\/\\\/marketingatletas.com.ar\\\/programa-especializado\\\/pagina-de-gracias-masterclass-gratuita\\\/#breadcrumb\",\"itemListElement\":[{\"@type\":\"ListItem\",\"position\":1,\"name\":\"Portada\",\"item\":\"https:\\\/\\\/marketingatletas.com.ar\\\/programa-especializado\\\/\"},{\"@type\":\"ListItem\",\"position\":2,\"name\":\"P\u00e1gina de gracias &#8211; masterclass gratuita\"}]},{\"@type\":\"WebSite\",\"@id\":\"https:\\\/\\\/marketingatletas.com.ar\\\/programa-especializado\\\/#website\",\"url\":\"https:\\\/\\\/marketingatletas.com.ar\\\/programa-especializado\\\/\",\"name\":\"Programa Especializado en Marketing Digital Deportivo\",\"description\":\"\",\"publisher\":{\"@id\":\"https:\\\/\\\/marketingatletas.com.ar\\\/programa-especializado\\\/#organization\"},\"potentialAction\":[{\"@type\":\"SearchAction\",\"target\":{\"@type\":\"EntryPoint\",\"urlTemplate\":\"https:\\\/\\\/marketingatletas.com.ar\\\/programa-especializado\\\/?s={search_term_string}\"},\"query-input\":{\"@type\":\"PropertyValueSpecification\",\"valueRequired\":true,\"valueName\":\"search_term_string\"}}],\"inLanguage\":\"es\"},{\"@type\":\"Organization\",\"@id\":\"https:\\\/\\\/marketingatletas.com.ar\\\/programa-especializado\\\/#organization\",\"name\":\"Programa Especializado en Marketing Digital Deportivo\",\"url\":\"https:\\\/\\\/marketingatletas.com.ar\\\/programa-especializado\\\/\",\"logo\":{\"@type\":\"ImageObject\",\"inLanguage\":\"es\",\"@id\":\"https:\\\/\\\/marketingatletas.com.ar\\\/programa-especializado\\\/#\\\/schema\\\/logo\\\/image\\\/\",\"url\":\"https:\\\/\\\/marketingatletas.com.ar\\\/programa-especializado\\\/wp-content\\\/uploads\\\/2026\\\/03\\\/LOGOTIPO_MPA.png\",\"contentUrl\":\"https:\\\/\\\/marketingatletas.com.ar\\\/programa-especializado\\\/wp-content\\\/uploads\\\/2026\\\/03\\\/LOGOTIPO_MPA.png\",\"width\":944,\"height\":172,\"caption\":\"Programa Especializado en Marketing Digital Deportivo\"},\"image\":{\"@id\":\"https:\\\/\\\/marketingatletas.com.ar\\\/programa-especializado\\\/#\\\/schema\\\/logo\\\/image\\\/\"}}]}<\/script>\n<!-- \/ Yoast SEO plugin. -->","yoast_head_json":{"title":"P\u00e1gina de gracias - masterclass gratuita - Programa Especializado en Marketing Digital Deportivo","robots":{"index":"index","follow":"follow","max-snippet":"max-snippet:-1","max-image-preview":"max-image-preview:large","max-video-preview":"max-video-preview:-1"},"canonical":"https:\/\/marketingatletas.com.ar\/programa-especializado\/pagina-de-gracias-masterclass-gratuita\/","og_locale":"es_ES","og_type":"article","og_title":"P\u00e1gina de gracias - masterclass gratuita - Programa Especializado en Marketing Digital Deportivo","og_description":"Te faltan 2 pasos\u00a0 \u00a1FUNDAMENTALES! para confirmar tu lugar! PASO 1 Te enviamos un primer mail con el asunto: \u00a1CONFIRM\u00c1 TU CORREO PARA SUMARTE!. Deber\u00e1s clickear en CONFIRMAR para asegurar tu inscripci\u00f3n. Si no ves el mail, revisa en promociones o spam, y\u00a0pasalo a tu bandeja principal\u00a0para que te lleguen los recordatorios. PASO 2 Te [&hellip;]","og_url":"https:\/\/marketingatletas.com.ar\/programa-especializado\/pagina-de-gracias-masterclass-gratuita\/","og_site_name":"Programa Especializado en Marketing Digital Deportivo","article_modified_time":"2025-09-20T23:32:48+00:00","og_image":[{"width":1357,"height":2011,"url":"https:\/\/marketingatletas.com.ar\/programa-especializado\/wp-content\/uploads\/2025\/09\/Masterclass-09.webp","type":"image\/webp"}],"twitter_card":"summary_large_image","twitter_misc":{"Tiempo de lectura":"1 minuto"},"schema":{"@context":"https:\/\/schema.org","@graph":[{"@type":"WebPage","@id":"https:\/\/marketingatletas.com.ar\/programa-especializado\/pagina-de-gracias-masterclass-gratuita\/","url":"https:\/\/marketingatletas.com.ar\/programa-especializado\/pagina-de-gracias-masterclass-gratuita\/","name":"P\u00e1gina de gracias - masterclass gratuita - Programa Especializado en Marketing Digital Deportivo","isPartOf":{"@id":"https:\/\/marketingatletas.com.ar\/programa-especializado\/#website"},"primaryImageOfPage":{"@id":"https:\/\/marketingatletas.com.ar\/programa-especializado\/pagina-de-gracias-masterclass-gratuita\/#primaryimage"},"image":{"@id":"https:\/\/marketingatletas.com.ar\/programa-especializado\/pagina-de-gracias-masterclass-gratuita\/#primaryimage"},"thumbnailUrl":"https:\/\/marketingatletas.com.ar\/programa-especializado\/wp-content\/uploads\/2025\/09\/Masterclass-09-691x1024.webp","datePublished":"2025-09-03T15:36:59+00:00","dateModified":"2025-09-20T23:32:48+00:00","breadcrumb":{"@id":"https:\/\/marketingatletas.com.ar\/programa-especializado\/pagina-de-gracias-masterclass-gratuita\/#breadcrumb"},"inLanguage":"es","potentialAction":[{"@type":"ReadAction","target":["https:\/\/marketingatletas.com.ar\/programa-especializado\/pagina-de-gracias-masterclass-gratuita\/"]}]},{"@type":"ImageObject","inLanguage":"es","@id":"https:\/\/marketingatletas.com.ar\/programa-especializado\/pagina-de-gracias-masterclass-gratuita\/#primaryimage","url":"https:\/\/marketingatletas.com.ar\/programa-especializado\/wp-content\/uploads\/2025\/09\/Masterclass-09.webp","contentUrl":"https:\/\/marketingatletas.com.ar\/programa-especializado\/wp-content\/uploads\/2025\/09\/Masterclass-09.webp","width":1357,"height":2011},{"@type":"BreadcrumbList","@id":"https:\/\/marketingatletas.com.ar\/programa-especializado\/pagina-de-gracias-masterclass-gratuita\/#breadcrumb","itemListElement":[{"@type":"ListItem","position":1,"name":"Portada","item":"https:\/\/marketingatletas.com.ar\/programa-especializado\/"},{"@type":"ListItem","position":2,"name":"P\u00e1gina de gracias &#8211; masterclass gratuita"}]},{"@type":"WebSite","@id":"https:\/\/marketingatletas.com.ar\/programa-especializado\/#website","url":"https:\/\/marketingatletas.com.ar\/programa-especializado\/","name":"Programa Especializado en Marketing Digital Deportivo","description":"","publisher":{"@id":"https:\/\/marketingatletas.com.ar\/programa-especializado\/#organization"},"potentialAction":[{"@type":"SearchAction","target":{"@type":"EntryPoint","urlTemplate":"https:\/\/marketingatletas.com.ar\/programa-especializado\/?s={search_term_string}"},"query-input":{"@type":"PropertyValueSpecification","valueRequired":true,"valueName":"search_term_string"}}],"inLanguage":"es"},{"@type":"Organization","@id":"https:\/\/marketingatletas.com.ar\/programa-especializado\/#organization","name":"Programa Especializado en Marketing Digital Deportivo","url":"https:\/\/marketingatletas.com.ar\/programa-especializado\/","logo":{"@type":"ImageObject","inLanguage":"es","@id":"https:\/\/marketingatletas.com.ar\/programa-especializado\/#\/schema\/logo\/image\/","url":"https:\/\/marketingatletas.com.ar\/programa-especializado\/wp-content\/uploads\/2026\/03\/LOGOTIPO_MPA.png","contentUrl":"https:\/\/marketingatletas.com.ar\/programa-especializado\/wp-content\/uploads\/2026\/03\/LOGOTIPO_MPA.png","width":944,"height":172,"caption":"Programa Especializado en Marketing Digital Deportivo"},"image":{"@id":"https:\/\/marketingatletas.com.ar\/programa-especializado\/#\/schema\/logo\/image\/"}}]}},"_links":{"self":[{"href":"https:\/\/marketingatletas.com.ar\/programa-especializado\/wp-json\/wp\/v2\/pages\/5540","targetHints":{"allow":["GET"]}}],"collection":[{"href":"https:\/\/marketingatletas.com.ar\/programa-especializado\/wp-json\/wp\/v2\/pages"}],"about":[{"href":"https:\/\/marketingatletas.com.ar\/programa-especializado\/wp-json\/wp\/v2\/types\/page"}],"author":[{"embeddable":true,"href":"https:\/\/marketingatletas.com.ar\/programa-especializado\/wp-json\/wp\/v2\/users\/3"}],"replies":[{"embeddable":true,"href":"https:\/\/marketingatletas.com.ar\/programa-especializado\/wp-json\/wp\/v2\/comments?post=5540"}],"version-history":[{"count":70,"href":"https:\/\/marketingatletas.com.ar\/programa-especializado\/wp-json\/wp\/v2\/pages\/5540\/revisions"}],"predecessor-version":[{"id":5797,"href":"https:\/\/marketingatletas.com.ar\/programa-especializado\/wp-json\/wp\/v2\/pages\/5540\/revisions\/5797"}],"wp:attachment":[{"href":"https:\/\/marketingatletas.com.ar\/programa-especializado\/wp-json\/wp\/v2\/media?parent=5540"}],"curies":[{"name":"wp","href":"https:\/\/api.w.org\/{rel}","templated":true}]}}