{"id":5415,"date":"2025-08-04T16:16:14","date_gmt":"2025-08-04T19:16:14","guid":{"rendered":"https:\/\/marketingatletas.com.ar\/programa-especializado\/?page_id=5415"},"modified":"2026-03-20T17:16:18","modified_gmt":"2026-03-20T20:16:18","slug":"newsletter","status":"publish","type":"page","link":"https:\/\/marketingatletas.com.ar\/programa-especializado\/newsletter\/","title":{"rendered":"Newsletter &#8211; Marketing Digital Deportivo"},"content":{"rendered":"\t\t<div data-elementor-type=\"wp-page\" data-elementor-id=\"5415\" class=\"elementor elementor-5415\" data-elementor-post-type=\"page\">\n\t\t\t\t<div class=\"elementor-element elementor-element-d6bad13 e-flex e-con-boxed e-con e-parent\" data-id=\"d6bad13\" data-element_type=\"container\" data-e-type=\"container\" data-settings=\"{&quot;background_background&quot;:&quot;classic&quot;}\">\n\t\t\t\t\t<div class=\"e-con-inner\">\n\t\t<div class=\"elementor-element elementor-element-a5adcc9 e-con-full e-flex e-con e-child\" data-id=\"a5adcc9\" data-element_type=\"container\" data-e-type=\"container\">\n\t\t\t\t<div class=\"elementor-element elementor-element-6996c4a elementor-widget__width-inherit elementor-widget elementor-widget-image\" data-id=\"6996c4a\" data-element_type=\"widget\" data-e-type=\"widget\" data-widget_type=\"image.default\">\n\t\t\t\t<div class=\"elementor-widget-container\">\n\t\t\t\t\t\t\t\t\t\t\t\t\t\t\t<img fetchpriority=\"high\" decoding=\"async\" width=\"1024\" height=\"476\" src=\"https:\/\/marketingatletas.com.ar\/programa-especializado\/wp-content\/uploads\/2025\/08\/temporada-1-1024x476.webp\" class=\"attachment-large size-large wp-image-5427\" alt=\"\" srcset=\"https:\/\/marketingatletas.com.ar\/programa-especializado\/wp-content\/uploads\/2025\/08\/temporada-1-1024x476.webp 1024w, https:\/\/marketingatletas.com.ar\/programa-especializado\/wp-content\/uploads\/2025\/08\/temporada-1-300x139.webp 300w, https:\/\/marketingatletas.com.ar\/programa-especializado\/wp-content\/uploads\/2025\/08\/temporada-1-768x357.webp 768w, https:\/\/marketingatletas.com.ar\/programa-especializado\/wp-content\/uploads\/2025\/08\/temporada-1.webp 1420w\" sizes=\"(max-width: 1024px) 100vw, 1024px\" \/>\t\t\t\t\t\t\t\t\t\t\t\t\t\t\t<\/div>\n\t\t\t\t<\/div>\n\t\t\t\t<\/div>\n\t\t\t\t\t<\/div>\n\t\t\t\t<\/div>\n\t\t<div class=\"elementor-element elementor-element-fde3c56 e-flex e-con-boxed e-con e-parent\" data-id=\"fde3c56\" data-element_type=\"container\" data-e-type=\"container\" data-settings=\"{&quot;background_background&quot;:&quot;classic&quot;}\">\n\t\t\t\t\t<div class=\"e-con-inner\">\n\t\t<div class=\"elementor-element elementor-element-3f1aec9 e-con-full e-flex e-con e-child\" data-id=\"3f1aec9\" data-element_type=\"container\" data-e-type=\"container\">\n\t\t\t\t<div class=\"elementor-element elementor-element-5f8b81c elementor-widget elementor-widget-text-editor\" data-id=\"5f8b81c\" data-element_type=\"widget\" data-e-type=\"widget\" data-widget_type=\"text-editor.default\">\n\t\t\t\t<div class=\"elementor-widget-container\">\n\t\t\t\t\t\t\t\t\t<p><strong>Sumate al Newsletter<\/strong> de la \u00fanica Consultora Especializada en <strong>Marketing y Comunicaci\u00f3n Digital para Roles Deportivos<\/strong><\/p>\t\t\t\t\t\t\t\t<\/div>\n\t\t\t\t<\/div>\n\t\t\t\t<div class=\"elementor-element elementor-element-4569403 elementor-widget elementor-widget-text-editor\" data-id=\"4569403\" data-element_type=\"widget\" data-e-type=\"widget\" data-widget_type=\"text-editor.default\">\n\t\t\t\t<div class=\"elementor-widget-container\">\n\t\t\t\t\t\t\t\t\t<p><strong>Suscribite a esta lista de mails<\/strong> y te compartir\u00e9 ejercicios, ideas y reflexiones para comunicarte desde tu rol deportivo como atleta, entrenador\/a, profe, l\u00edder y organizaci\u00f3n deportiva.<\/p>\t\t\t\t\t\t\t\t<\/div>\n\t\t\t\t<\/div>\n\t\t\t\t<\/div>\n\t\t<div class=\"elementor-element elementor-element-d3af6c1 e-con-full e-flex e-con e-child\" data-id=\"d3af6c1\" data-element_type=\"container\" data-e-type=\"container\">\n\t\t\t\t<div class=\"elementor-element elementor-element-ea7b078 elementor-widget elementor-widget-html\" data-id=\"ea7b078\" data-element_type=\"widget\" data-e-type=\"widget\" data-widget_type=\"html.default\">\n\t\t\t\t<div class=\"elementor-widget-container\">\n\t\t\t\t\t<!-- Optin - Inicio -->\r\n<div id=\"optin-dPUNbSMG\" data-type=\"inline\"><\/div>\r\n<link rel=\"stylesheet\" type=\"text\/css\" href=\"https:\/\/optin.myperfit.com\/res\/css\/marketingatleta\/dPUNbSMG.css\"\/>\r\n<script type=\"text\/javascript\" src=\"https:\/\/optin.myperfit.com\/res\/js\/marketingatleta\/dPUNbSMG.js\" charset=\"UTF-8\"><\/script>\r\n<!-- Optin - Fin -->\t\t\t\t<\/div>\n\t\t\t\t<\/div>\n\t\t\t\t<\/div>\n\t\t\t\t\t<\/div>\n\t\t\t\t<\/div>\n\t\t\t\t<\/div>\n\t\t","protected":false},"excerpt":{"rendered":"<p>Sumate al Newsletter de la \u00fanica Consultora Especializada en Marketing y Comunicaci\u00f3n Digital para Roles Deportivos Suscribite a esta lista de mails y te compartir\u00e9 ejercicios, ideas y reflexiones para comunicarte desde tu rol deportivo como atleta, entrenador\/a, profe, l\u00edder y organizaci\u00f3n deportiva.<\/p>\n","protected":false},"author":3,"featured_media":0,"parent":0,"menu_order":0,"comment_status":"closed","ping_status":"closed","template":"","meta":{"ocean_post_layout":"","ocean_both_sidebars_style":"","ocean_both_sidebars_content_width":0,"ocean_both_sidebars_sidebars_width":0,"ocean_sidebar":"0","ocean_second_sidebar":"0","ocean_disable_margins":"enable","ocean_add_body_class":"","ocean_shortcode_before_top_bar":"","ocean_shortcode_after_top_bar":"","ocean_shortcode_before_header":"","ocean_shortcode_after_header":"","ocean_has_shortcode":"","ocean_shortcode_after_title":"","ocean_shortcode_before_footer_widgets":"","ocean_shortcode_after_footer_widgets":"","ocean_shortcode_before_footer_bottom":"","ocean_shortcode_after_footer_bottom":"","ocean_display_top_bar":"default","ocean_display_header":"default","ocean_header_style":"","ocean_center_header_left_menu":"0","ocean_custom_header_template":"0","ocean_custom_logo":0,"ocean_custom_retina_logo":0,"ocean_custom_logo_max_width":0,"ocean_custom_logo_tablet_max_width":0,"ocean_custom_logo_mobile_max_width":0,"ocean_custom_logo_max_height":0,"ocean_custom_logo_tablet_max_height":0,"ocean_custom_logo_mobile_max_height":0,"ocean_header_custom_menu":"0","ocean_menu_typo_font_family":"0","ocean_menu_typo_font_subset":"","ocean_menu_typo_font_size":0,"ocean_menu_typo_font_size_tablet":0,"ocean_menu_typo_font_size_mobile":0,"ocean_menu_typo_font_size_unit":"px","ocean_menu_typo_font_weight":"","ocean_menu_typo_font_weight_tablet":"","ocean_menu_typo_font_weight_mobile":"","ocean_menu_typo_transform":"","ocean_menu_typo_transform_tablet":"","ocean_menu_typo_transform_mobile":"","ocean_menu_typo_line_height":0,"ocean_menu_typo_line_height_tablet":0,"ocean_menu_typo_line_height_mobile":0,"ocean_menu_typo_line_height_unit":"","ocean_menu_typo_spacing":0,"ocean_menu_typo_spacing_tablet":0,"ocean_menu_typo_spacing_mobile":0,"ocean_menu_typo_spacing_unit":"","ocean_menu_link_color":"","ocean_menu_link_color_hover":"","ocean_menu_link_color_active":"","ocean_menu_link_background":"","ocean_menu_link_hover_background":"","ocean_menu_link_active_background":"","ocean_menu_social_links_bg":"","ocean_menu_social_hover_links_bg":"","ocean_menu_social_links_color":"","ocean_menu_social_hover_links_color":"","ocean_disable_title":"default","ocean_disable_heading":"default","ocean_post_title":"","ocean_post_subheading":"","ocean_post_title_style":"","ocean_post_title_background_color":"","ocean_post_title_background":0,"ocean_post_title_bg_image_position":"","ocean_post_title_bg_image_attachment":"","ocean_post_title_bg_image_repeat":"","ocean_post_title_bg_image_size":"","ocean_post_title_height":0,"ocean_post_title_bg_overlay":0.5,"ocean_post_title_bg_overlay_color":"","ocean_disable_breadcrumbs":"default","ocean_breadcrumbs_color":"","ocean_breadcrumbs_separator_color":"","ocean_breadcrumbs_links_color":"","ocean_breadcrumbs_links_hover_color":"","ocean_display_footer_widgets":"default","ocean_display_footer_bottom":"default","ocean_custom_footer_template":"0","_joinchat":[],"footnotes":""},"class_list":["post-5415","page","type-page","status-publish","hentry","entry"],"yoast_head":"<!-- This site is optimized with the Yoast SEO plugin v27.5 - https:\/\/yoast.com\/product\/yoast-seo-wordpress\/ -->\n<title>Newsletter - Marketing Digital Deportivo<\/title>\n<meta name=\"robots\" content=\"index, follow, max-snippet:-1, max-image-preview:large, max-video-preview:-1\" \/>\n<link rel=\"canonical\" href=\"https:\/\/marketingatletas.com.ar\/programa-especializado\/newsletter\/\" \/>\n<meta property=\"og:locale\" content=\"es_ES\" \/>\n<meta property=\"og:type\" content=\"article\" \/>\n<meta property=\"og:title\" content=\"Newsletter - Marketing Digital Deportivo\" \/>\n<meta property=\"og:description\" content=\"Sumate al Newsletter de la \u00fanica Consultora Especializada en Marketing y Comunicaci\u00f3n Digital para Roles Deportivos Suscribite a esta lista de mails y te compartir\u00e9 ejercicios, ideas y reflexiones para comunicarte desde tu rol deportivo como atleta, entrenador\/a, profe, l\u00edder y organizaci\u00f3n deportiva.\" \/>\n<meta property=\"og:url\" content=\"https:\/\/marketingatletas.com.ar\/programa-especializado\/newsletter\/\" \/>\n<meta property=\"og:site_name\" content=\"Programa Especializado en Marketing Digital Deportivo\" \/>\n<meta property=\"article:modified_time\" content=\"2026-03-20T20:16:18+00:00\" \/>\n<meta property=\"og:image\" content=\"https:\/\/marketingatletas.com.ar\/programa-especializado\/wp-content\/uploads\/2025\/08\/temporada-1.webp\" \/>\n\t<meta property=\"og:image:width\" content=\"1420\" \/>\n\t<meta property=\"og:image:height\" content=\"660\" \/>\n\t<meta property=\"og:image:type\" content=\"image\/webp\" \/>\n<meta name=\"twitter:card\" content=\"summary_large_image\" \/>\n<meta name=\"twitter:label1\" content=\"Tiempo de lectura\" \/>\n\t<meta name=\"twitter:data1\" content=\"2 minutos\" \/>\n<script type=\"application\/ld+json\" class=\"yoast-schema-graph\">{\"@context\":\"https:\\\/\\\/schema.org\",\"@graph\":[{\"@type\":\"WebPage\",\"@id\":\"https:\\\/\\\/marketingatletas.com.ar\\\/programa-especializado\\\/newsletter\\\/\",\"url\":\"https:\\\/\\\/marketingatletas.com.ar\\\/programa-especializado\\\/newsletter\\\/\",\"name\":\"Newsletter - Marketing Digital Deportivo\",\"isPartOf\":{\"@id\":\"https:\\\/\\\/marketingatletas.com.ar\\\/programa-especializado\\\/#website\"},\"primaryImageOfPage\":{\"@id\":\"https:\\\/\\\/marketingatletas.com.ar\\\/programa-especializado\\\/newsletter\\\/#primaryimage\"},\"image\":{\"@id\":\"https:\\\/\\\/marketingatletas.com.ar\\\/programa-especializado\\\/newsletter\\\/#primaryimage\"},\"thumbnailUrl\":\"https:\\\/\\\/marketingatletas.com.ar\\\/programa-especializado\\\/wp-content\\\/uploads\\\/2025\\\/08\\\/temporada-1-1024x476.webp\",\"datePublished\":\"2025-08-04T19:16:14+00:00\",\"dateModified\":\"2026-03-20T20:16:18+00:00\",\"breadcrumb\":{\"@id\":\"https:\\\/\\\/marketingatletas.com.ar\\\/programa-especializado\\\/newsletter\\\/#breadcrumb\"},\"inLanguage\":\"es\",\"potentialAction\":[{\"@type\":\"ReadAction\",\"target\":[\"https:\\\/\\\/marketingatletas.com.ar\\\/programa-especializado\\\/newsletter\\\/\"]}]},{\"@type\":\"ImageObject\",\"inLanguage\":\"es\",\"@id\":\"https:\\\/\\\/marketingatletas.com.ar\\\/programa-especializado\\\/newsletter\\\/#primaryimage\",\"url\":\"https:\\\/\\\/marketingatletas.com.ar\\\/programa-especializado\\\/wp-content\\\/uploads\\\/2025\\\/08\\\/temporada-1.webp\",\"contentUrl\":\"https:\\\/\\\/marketingatletas.com.ar\\\/programa-especializado\\\/wp-content\\\/uploads\\\/2025\\\/08\\\/temporada-1.webp\",\"width\":1420,\"height\":660},{\"@type\":\"BreadcrumbList\",\"@id\":\"https:\\\/\\\/marketingatletas.com.ar\\\/programa-especializado\\\/newsletter\\\/#breadcrumb\",\"itemListElement\":[{\"@type\":\"ListItem\",\"position\":1,\"name\":\"Portada\",\"item\":\"https:\\\/\\\/marketingatletas.com.ar\\\/programa-especializado\\\/\"},{\"@type\":\"ListItem\",\"position\":2,\"name\":\"Newsletter &#8211; Marketing Digital Deportivo\"}]},{\"@type\":\"WebSite\",\"@id\":\"https:\\\/\\\/marketingatletas.com.ar\\\/programa-especializado\\\/#website\",\"url\":\"https:\\\/\\\/marketingatletas.com.ar\\\/programa-especializado\\\/\",\"name\":\"Programa Especializado en Marketing Digital Deportivo\",\"description\":\"\",\"publisher\":{\"@id\":\"https:\\\/\\\/marketingatletas.com.ar\\\/programa-especializado\\\/#organization\"},\"potentialAction\":[{\"@type\":\"SearchAction\",\"target\":{\"@type\":\"EntryPoint\",\"urlTemplate\":\"https:\\\/\\\/marketingatletas.com.ar\\\/programa-especializado\\\/?s={search_term_string}\"},\"query-input\":{\"@type\":\"PropertyValueSpecification\",\"valueRequired\":true,\"valueName\":\"search_term_string\"}}],\"inLanguage\":\"es\"},{\"@type\":\"Organization\",\"@id\":\"https:\\\/\\\/marketingatletas.com.ar\\\/programa-especializado\\\/#organization\",\"name\":\"Programa Especializado en Marketing Digital Deportivo\",\"url\":\"https:\\\/\\\/marketingatletas.com.ar\\\/programa-especializado\\\/\",\"logo\":{\"@type\":\"ImageObject\",\"inLanguage\":\"es\",\"@id\":\"https:\\\/\\\/marketingatletas.com.ar\\\/programa-especializado\\\/#\\\/schema\\\/logo\\\/image\\\/\",\"url\":\"https:\\\/\\\/marketingatletas.com.ar\\\/programa-especializado\\\/wp-content\\\/uploads\\\/2026\\\/03\\\/LOGOTIPO_MPA.png\",\"contentUrl\":\"https:\\\/\\\/marketingatletas.com.ar\\\/programa-especializado\\\/wp-content\\\/uploads\\\/2026\\\/03\\\/LOGOTIPO_MPA.png\",\"width\":944,\"height\":172,\"caption\":\"Programa Especializado en Marketing Digital Deportivo\"},\"image\":{\"@id\":\"https:\\\/\\\/marketingatletas.com.ar\\\/programa-especializado\\\/#\\\/schema\\\/logo\\\/image\\\/\"}}]}<\/script>\n<!-- \/ Yoast SEO plugin. -->","yoast_head_json":{"title":"Newsletter - Marketing Digital Deportivo","robots":{"index":"index","follow":"follow","max-snippet":"max-snippet:-1","max-image-preview":"max-image-preview:large","max-video-preview":"max-video-preview:-1"},"canonical":"https:\/\/marketingatletas.com.ar\/programa-especializado\/newsletter\/","og_locale":"es_ES","og_type":"article","og_title":"Newsletter - Marketing Digital Deportivo","og_description":"Sumate al Newsletter de la \u00fanica Consultora Especializada en Marketing y Comunicaci\u00f3n Digital para Roles Deportivos Suscribite a esta lista de mails y te compartir\u00e9 ejercicios, ideas y reflexiones para comunicarte desde tu rol deportivo como atleta, entrenador\/a, profe, l\u00edder y organizaci\u00f3n deportiva.","og_url":"https:\/\/marketingatletas.com.ar\/programa-especializado\/newsletter\/","og_site_name":"Programa Especializado en Marketing Digital Deportivo","article_modified_time":"2026-03-20T20:16:18+00:00","og_image":[{"width":1420,"height":660,"url":"https:\/\/marketingatletas.com.ar\/programa-especializado\/wp-content\/uploads\/2025\/08\/temporada-1.webp","type":"image\/webp"}],"twitter_card":"summary_large_image","twitter_misc":{"Tiempo de lectura":"2 minutos"},"schema":{"@context":"https:\/\/schema.org","@graph":[{"@type":"WebPage","@id":"https:\/\/marketingatletas.com.ar\/programa-especializado\/newsletter\/","url":"https:\/\/marketingatletas.com.ar\/programa-especializado\/newsletter\/","name":"Newsletter - Marketing Digital Deportivo","isPartOf":{"@id":"https:\/\/marketingatletas.com.ar\/programa-especializado\/#website"},"primaryImageOfPage":{"@id":"https:\/\/marketingatletas.com.ar\/programa-especializado\/newsletter\/#primaryimage"},"image":{"@id":"https:\/\/marketingatletas.com.ar\/programa-especializado\/newsletter\/#primaryimage"},"thumbnailUrl":"https:\/\/marketingatletas.com.ar\/programa-especializado\/wp-content\/uploads\/2025\/08\/temporada-1-1024x476.webp","datePublished":"2025-08-04T19:16:14+00:00","dateModified":"2026-03-20T20:16:18+00:00","breadcrumb":{"@id":"https:\/\/marketingatletas.com.ar\/programa-especializado\/newsletter\/#breadcrumb"},"inLanguage":"es","potentialAction":[{"@type":"ReadAction","target":["https:\/\/marketingatletas.com.ar\/programa-especializado\/newsletter\/"]}]},{"@type":"ImageObject","inLanguage":"es","@id":"https:\/\/marketingatletas.com.ar\/programa-especializado\/newsletter\/#primaryimage","url":"https:\/\/marketingatletas.com.ar\/programa-especializado\/wp-content\/uploads\/2025\/08\/temporada-1.webp","contentUrl":"https:\/\/marketingatletas.com.ar\/programa-especializado\/wp-content\/uploads\/2025\/08\/temporada-1.webp","width":1420,"height":660},{"@type":"BreadcrumbList","@id":"https:\/\/marketingatletas.com.ar\/programa-especializado\/newsletter\/#breadcrumb","itemListElement":[{"@type":"ListItem","position":1,"name":"Portada","item":"https:\/\/marketingatletas.com.ar\/programa-especializado\/"},{"@type":"ListItem","position":2,"name":"Newsletter &#8211; Marketing Digital Deportivo"}]},{"@type":"WebSite","@id":"https:\/\/marketingatletas.com.ar\/programa-especializado\/#website","url":"https:\/\/marketingatletas.com.ar\/programa-especializado\/","name":"Programa Especializado en Marketing Digital Deportivo","description":"","publisher":{"@id":"https:\/\/marketingatletas.com.ar\/programa-especializado\/#organization"},"potentialAction":[{"@type":"SearchAction","target":{"@type":"EntryPoint","urlTemplate":"https:\/\/marketingatletas.com.ar\/programa-especializado\/?s={search_term_string}"},"query-input":{"@type":"PropertyValueSpecification","valueRequired":true,"valueName":"search_term_string"}}],"inLanguage":"es"},{"@type":"Organization","@id":"https:\/\/marketingatletas.com.ar\/programa-especializado\/#organization","name":"Programa Especializado en Marketing Digital Deportivo","url":"https:\/\/marketingatletas.com.ar\/programa-especializado\/","logo":{"@type":"ImageObject","inLanguage":"es","@id":"https:\/\/marketingatletas.com.ar\/programa-especializado\/#\/schema\/logo\/image\/","url":"https:\/\/marketingatletas.com.ar\/programa-especializado\/wp-content\/uploads\/2026\/03\/LOGOTIPO_MPA.png","contentUrl":"https:\/\/marketingatletas.com.ar\/programa-especializado\/wp-content\/uploads\/2026\/03\/LOGOTIPO_MPA.png","width":944,"height":172,"caption":"Programa Especializado en Marketing Digital Deportivo"},"image":{"@id":"https:\/\/marketingatletas.com.ar\/programa-especializado\/#\/schema\/logo\/image\/"}}]}},"_links":{"self":[{"href":"https:\/\/marketingatletas.com.ar\/programa-especializado\/wp-json\/wp\/v2\/pages\/5415","targetHints":{"allow":["GET"]}}],"collection":[{"href":"https:\/\/marketingatletas.com.ar\/programa-especializado\/wp-json\/wp\/v2\/pages"}],"about":[{"href":"https:\/\/marketingatletas.com.ar\/programa-especializado\/wp-json\/wp\/v2\/types\/page"}],"author":[{"embeddable":true,"href":"https:\/\/marketingatletas.com.ar\/programa-especializado\/wp-json\/wp\/v2\/users\/3"}],"replies":[{"embeddable":true,"href":"https:\/\/marketingatletas.com.ar\/programa-especializado\/wp-json\/wp\/v2\/comments?post=5415"}],"version-history":[{"count":54,"href":"https:\/\/marketingatletas.com.ar\/programa-especializado\/wp-json\/wp\/v2\/pages\/5415\/revisions"}],"predecessor-version":[{"id":6425,"href":"https:\/\/marketingatletas.com.ar\/programa-especializado\/wp-json\/wp\/v2\/pages\/5415\/revisions\/6425"}],"wp:attachment":[{"href":"https:\/\/marketingatletas.com.ar\/programa-especializado\/wp-json\/wp\/v2\/media?parent=5415"}],"curies":[{"name":"wp","href":"https:\/\/api.w.org\/{rel}","templated":true}]}}