{"id":1534,"date":"2023-06-26T17:57:24","date_gmt":"2023-06-26T20:57:24","guid":{"rendered":"https:\/\/marketingatletas.com.ar\/programa-especializado\/?page_id=1534"},"modified":"2026-03-18T19:46:34","modified_gmt":"2026-03-18T22:46:34","slug":"doble-optin","status":"publish","type":"page","link":"https:\/\/marketingatletas.com.ar\/programa-especializado\/doble-optin\/","title":{"rendered":"Doble optin general"},"content":{"rendered":"\t\t<div data-elementor-type=\"wp-page\" data-elementor-id=\"1534\" class=\"elementor elementor-1534\" data-elementor-post-type=\"page\">\n\t\t\t\t<div class=\"elementor-element elementor-element-06cb579 e-flex e-con-boxed e-con e-parent\" data-id=\"06cb579\" data-element_type=\"container\" data-e-type=\"container\" data-settings=\"{&quot;background_background&quot;:&quot;classic&quot;}\">\n\t\t\t\t\t<div class=\"e-con-inner\">\n\t\t<div class=\"elementor-element elementor-element-304e62e e-con-full e-flex e-con e-child\" data-id=\"304e62e\" data-element_type=\"container\" data-e-type=\"container\">\n\t\t\t\t<div class=\"elementor-element elementor-element-a4ef44f elementor-widget elementor-widget-heading\" data-id=\"a4ef44f\" data-element_type=\"widget\" data-e-type=\"widget\" data-widget_type=\"heading.default\">\n\t\t\t\t<div class=\"elementor-widget-container\">\n\t\t\t\t\t<span class=\"elementor-heading-title elementor-size-default\"><b>\u00a1MUCHAS GRACIAS!<\/b> <br>\nTu suscripci\u00f3n fue confirmada.<\/span>\t\t\t\t<\/div>\n\t\t\t\t<\/div>\n\t\t\t\t<div class=\"elementor-element elementor-element-f7d2f32 elementor-widget elementor-widget-text-editor\" data-id=\"f7d2f32\" data-element_type=\"widget\" data-e-type=\"widget\" data-widget_type=\"text-editor.default\">\n\t\t\t\t<div class=\"elementor-widget-container\">\n\t\t\t\t\t\t\t\t\t<p style=\"text-align: center;\">En 2 minutos te llegar\u00e1 un correo con <span style=\"text-decoration: underline;\">informaci\u00f3n exclusiva.<\/span><\/p>\t\t\t\t\t\t\t\t<\/div>\n\t\t\t\t<\/div>\n\t\t\t\t<div class=\"elementor-element elementor-element-d3cf48b elementor-widget elementor-widget-text-editor\" data-id=\"d3cf48b\" data-element_type=\"widget\" data-e-type=\"widget\" data-widget_type=\"text-editor.default\">\n\t\t\t\t<div class=\"elementor-widget-container\">\n\t\t\t\t\t\t\t\t\t<p style=\"text-align: center;\"><span style=\"color: #ff6600;\"><strong>Revisa tu bandeja de entrada y\u00a0 Promociones.<\/strong><\/span><\/p><p style=\"text-align: center;\"><span style=\"text-decoration: underline;\">Movelo a Bandeja Principal<\/span> as\u00ed te llegan los pr\u00f3ximos correos.<\/p>\t\t\t\t\t\t\t\t<\/div>\n\t\t\t\t<\/div>\n\t\t\t\t<div class=\"elementor-element elementor-element-bfc624c elementor-widget elementor-widget-heading\" data-id=\"bfc624c\" data-element_type=\"widget\" data-e-type=\"widget\" data-widget_type=\"heading.default\">\n\t\t\t\t<div class=\"elementor-widget-container\">\n\t\t\t\t\t<span class=\"elementor-heading-title elementor-size-default\">Adem\u00e1s, te invito a:<\/span>\t\t\t\t<\/div>\n\t\t\t\t<\/div>\n\t\t<div class=\"elementor-element elementor-element-0e0445e e-con-full e-flex e-con e-child\" data-id=\"0e0445e\" data-element_type=\"container\" data-e-type=\"container\">\n\t\t<div class=\"elementor-element elementor-element-fa3b069 e-con-full e-flex e-con e-child\" data-id=\"fa3b069\" data-element_type=\"container\" data-e-type=\"container\" data-settings=\"{&quot;background_background&quot;:&quot;classic&quot;}\">\n\t\t\t\t<div class=\"elementor-element elementor-element-a327160 elementor-widget elementor-widget-text-editor\" data-id=\"a327160\" data-element_type=\"widget\" data-e-type=\"widget\" data-widget_type=\"text-editor.default\">\n\t\t\t\t<div class=\"elementor-widget-container\">\n\t\t\t\t\t\t\t\t\t<p style=\"text-align: center;\">SUMARTE AL PROGRAMA<\/p>\t\t\t\t\t\t\t\t<\/div>\n\t\t\t\t<\/div>\n\t\t\t\t<div class=\"elementor-element elementor-element-0a55204 elementor-widget elementor-widget-text-editor\" data-id=\"0a55204\" data-element_type=\"widget\" data-e-type=\"widget\" data-widget_type=\"text-editor.default\">\n\t\t\t\t<div class=\"elementor-widget-container\">\n\t\t\t\t\t\t\t\t\t<p>El <b>\u00fanico del mercado 100% focalizado\u00a0<\/b>para proyectos y <b>roles deportivos como el tuyo.\u00a0<\/b><\/p>\t\t\t\t\t\t\t\t<\/div>\n\t\t\t\t<\/div>\n\t\t\t\t<div class=\"elementor-element elementor-element-57fb20b elementor-align-center elementor-widget elementor-widget-button\" data-id=\"57fb20b\" data-element_type=\"widget\" data-e-type=\"widget\" data-widget_type=\"button.default\">\n\t\t\t\t<div class=\"elementor-widget-container\">\n\t\t\t\t\t\t\t\t\t<div class=\"elementor-button-wrapper\">\n\t\t\t\t\t<a class=\"elementor-button elementor-button-link elementor-size-sm\" href=\"https:\/\/marketingatletas.com.ar\/programa-especializado\/\">\n\t\t\t\t\t\t<span class=\"elementor-button-content-wrapper\">\n\t\t\t\t\t\t\t\t\t<span class=\"elementor-button-text\">\u00a1QUIERO M\u00c1S INFO!<\/span>\n\t\t\t\t\t<\/span>\n\t\t\t\t\t<\/a>\n\t\t\t\t<\/div>\n\t\t\t\t\t\t\t\t<\/div>\n\t\t\t\t<\/div>\n\t\t\t\t<\/div>\n\t\t<div class=\"elementor-element elementor-element-9cfc071 e-con-full e-flex e-con e-child\" data-id=\"9cfc071\" data-element_type=\"container\" data-e-type=\"container\" data-settings=\"{&quot;background_background&quot;:&quot;classic&quot;}\">\n\t\t\t\t<div class=\"elementor-element elementor-element-8b84d27 elementor-widget elementor-widget-text-editor\" data-id=\"8b84d27\" data-element_type=\"widget\" data-e-type=\"widget\" data-widget_type=\"text-editor.default\">\n\t\t\t\t<div class=\"elementor-widget-container\">\n\t\t\t\t\t\t\t\t\t<p style=\"text-align: center;\">SEGUIRME EN INSTAGRAM<\/p>\t\t\t\t\t\t\t\t<\/div>\n\t\t\t\t<\/div>\n\t\t\t\t<div class=\"elementor-element elementor-element-5029433 elementor-widget elementor-widget-text-editor\" data-id=\"5029433\" data-element_type=\"widget\" data-e-type=\"widget\" data-widget_type=\"text-editor.default\">\n\t\t\t\t<div class=\"elementor-widget-container\">\n\t\t\t\t\t\t\t\t\t<p style=\"text-align: center;\">Para ver m\u00e1s <strong>contenido de valor,<\/strong> semana a semana, para tu Rol Deportivo todas las semanas.<\/p>\t\t\t\t\t\t\t\t<\/div>\n\t\t\t\t<\/div>\n\t\t\t\t<div class=\"elementor-element elementor-element-ed8acf0 elementor-align-center elementor-widget elementor-widget-button\" data-id=\"ed8acf0\" data-element_type=\"widget\" data-e-type=\"widget\" data-widget_type=\"button.default\">\n\t\t\t\t<div class=\"elementor-widget-container\">\n\t\t\t\t\t\t\t\t\t<div class=\"elementor-button-wrapper\">\n\t\t\t\t\t<a class=\"elementor-button elementor-button-link elementor-size-sm\" href=\"https:\/\/www.instagram.com\/marketing_para_atletas\/\">\n\t\t\t\t\t\t<span class=\"elementor-button-content-wrapper\">\n\t\t\t\t\t\t\t\t\t<span class=\"elementor-button-text\">\u00a1ME SUMO!<\/span>\n\t\t\t\t\t<\/span>\n\t\t\t\t\t<\/a>\n\t\t\t\t<\/div>\n\t\t\t\t\t\t\t\t<\/div>\n\t\t\t\t<\/div>\n\t\t\t\t<\/div>\n\t\t<div class=\"elementor-element elementor-element-b3c3169 e-con-full e-flex e-con e-child\" data-id=\"b3c3169\" data-element_type=\"container\" data-e-type=\"container\" data-settings=\"{&quot;background_background&quot;:&quot;classic&quot;}\">\n\t\t\t\t<div class=\"elementor-element elementor-element-9ba133e elementor-widget elementor-widget-text-editor\" data-id=\"9ba133e\" data-element_type=\"widget\" data-e-type=\"widget\" data-widget_type=\"text-editor.default\">\n\t\t\t\t<div class=\"elementor-widget-container\">\n\t\t\t\t\t\t\t\t\t<p style=\"text-align: center;\">ESCUCHAR EL PODCAST<\/p>\t\t\t\t\t\t\t\t<\/div>\n\t\t\t\t<\/div>\n\t\t\t\t<div class=\"elementor-element elementor-element-57f4db2 elementor-widget elementor-widget-text-editor\" data-id=\"57f4db2\" data-element_type=\"widget\" data-e-type=\"widget\" data-widget_type=\"text-editor.default\">\n\t\t\t\t<div class=\"elementor-widget-container\">\n\t\t\t\t\t\t\t\t\t<p style=\"text-align: center;\">Si sos profesional orientado al deporte o ejerces uno o m\u00e1s roles deportivos <strong>\u00a1llegaste al lugar correcto!<\/strong><\/p>\t\t\t\t\t\t\t\t<\/div>\n\t\t\t\t<\/div>\n\t\t\t\t<div class=\"elementor-element elementor-element-048cd92 elementor-align-center elementor-widget elementor-widget-button\" data-id=\"048cd92\" data-element_type=\"widget\" data-e-type=\"widget\" data-widget_type=\"button.default\">\n\t\t\t\t<div class=\"elementor-widget-container\">\n\t\t\t\t\t\t\t\t\t<div class=\"elementor-button-wrapper\">\n\t\t\t\t\t<a class=\"elementor-button elementor-button-link elementor-size-sm\" href=\"https:\/\/open.spotify.com\/show\/4HG7l6HFeNs10bokohCFL0?si=0827643bfd39443c\">\n\t\t\t\t\t\t<span class=\"elementor-button-content-wrapper\">\n\t\t\t\t\t\t\t\t\t<span class=\"elementor-button-text\">\u00a1QUIERO ESCUCHARLO!<\/span>\n\t\t\t\t\t<\/span>\n\t\t\t\t\t<\/a>\n\t\t\t\t<\/div>\n\t\t\t\t\t\t\t\t<\/div>\n\t\t\t\t<\/div>\n\t\t\t\t<\/div>\n\t\t\t\t<\/div>\n\t\t\t\t<\/div>\n\t\t\t\t\t<\/div>\n\t\t\t\t<\/div>\n\t\t\t\t<\/div>\n\t\t","protected":false},"excerpt":{"rendered":"<p>\u00a1MUCHAS GRACIAS! Tu suscripci\u00f3n fue confirmada. En 2 minutos te llegar\u00e1 un correo con informaci\u00f3n exclusiva. Revisa tu bandeja de entrada y\u00a0 Promociones. Movelo a Bandeja Principal as\u00ed te llegan los pr\u00f3ximos correos. Adem\u00e1s, te invito a: SUMARTE AL PROGRAMA El \u00fanico del mercado 100% focalizado\u00a0para proyectos y roles deportivos como el tuyo.\u00a0 \u00a1QUIERO M\u00c1S [&hellip;]<\/p>\n","protected":false},"author":3,"featured_media":0,"parent":0,"menu_order":0,"comment_status":"closed","ping_status":"closed","template":"","meta":{"ocean_post_layout":"","ocean_both_sidebars_style":"","ocean_both_sidebars_content_width":0,"ocean_both_sidebars_sidebars_width":0,"ocean_sidebar":"0","ocean_second_sidebar":"0","ocean_disable_margins":"enable","ocean_add_body_class":"","ocean_shortcode_before_top_bar":"","ocean_shortcode_after_top_bar":"","ocean_shortcode_before_header":"","ocean_shortcode_after_header":"","ocean_has_shortcode":"","ocean_shortcode_after_title":"","ocean_shortcode_before_footer_widgets":"","ocean_shortcode_after_footer_widgets":"","ocean_shortcode_before_footer_bottom":"","ocean_shortcode_after_footer_bottom":"","ocean_display_top_bar":"default","ocean_display_header":"default","ocean_header_style":"","ocean_center_header_left_menu":"0","ocean_custom_header_template":"0","ocean_custom_logo":0,"ocean_custom_retina_logo":0,"ocean_custom_logo_max_width":0,"ocean_custom_logo_tablet_max_width":0,"ocean_custom_logo_mobile_max_width":0,"ocean_custom_logo_max_height":0,"ocean_custom_logo_tablet_max_height":0,"ocean_custom_logo_mobile_max_height":0,"ocean_header_custom_menu":"0","ocean_menu_typo_font_family":"0","ocean_menu_typo_font_subset":"","ocean_menu_typo_font_size":0,"ocean_menu_typo_font_size_tablet":0,"ocean_menu_typo_font_size_mobile":0,"ocean_menu_typo_font_size_unit":"px","ocean_menu_typo_font_weight":"","ocean_menu_typo_font_weight_tablet":"","ocean_menu_typo_font_weight_mobile":"","ocean_menu_typo_transform":"","ocean_menu_typo_transform_tablet":"","ocean_menu_typo_transform_mobile":"","ocean_menu_typo_line_height":0,"ocean_menu_typo_line_height_tablet":0,"ocean_menu_typo_line_height_mobile":0,"ocean_menu_typo_line_height_unit":"","ocean_menu_typo_spacing":0,"ocean_menu_typo_spacing_tablet":0,"ocean_menu_typo_spacing_mobile":0,"ocean_menu_typo_spacing_unit":"","ocean_menu_link_color":"","ocean_menu_link_color_hover":"","ocean_menu_link_color_active":"","ocean_menu_link_background":"","ocean_menu_link_hover_background":"","ocean_menu_link_active_background":"","ocean_menu_social_links_bg":"","ocean_menu_social_hover_links_bg":"","ocean_menu_social_links_color":"","ocean_menu_social_hover_links_color":"","ocean_disable_title":"default","ocean_disable_heading":"default","ocean_post_title":"","ocean_post_subheading":"","ocean_post_title_style":"","ocean_post_title_background_color":"","ocean_post_title_background":0,"ocean_post_title_bg_image_position":"","ocean_post_title_bg_image_attachment":"","ocean_post_title_bg_image_repeat":"","ocean_post_title_bg_image_size":"","ocean_post_title_height":0,"ocean_post_title_bg_overlay":0.5,"ocean_post_title_bg_overlay_color":"","ocean_disable_breadcrumbs":"default","ocean_breadcrumbs_color":"","ocean_breadcrumbs_separator_color":"","ocean_breadcrumbs_links_color":"","ocean_breadcrumbs_links_hover_color":"","ocean_display_footer_widgets":"default","ocean_display_footer_bottom":"default","ocean_custom_footer_template":"0","_joinchat":[],"footnotes":""},"class_list":["post-1534","page","type-page","status-publish","hentry","entry"],"yoast_head":"<!-- This site is optimized with the Yoast SEO plugin v27.5 - https:\/\/yoast.com\/product\/yoast-seo-wordpress\/ -->\n<title>Doble optin general - Programa Especializado en Marketing Digital Deportivo<\/title>\n<meta name=\"robots\" content=\"index, follow, max-snippet:-1, max-image-preview:large, max-video-preview:-1\" \/>\n<link rel=\"canonical\" href=\"https:\/\/marketingatletas.com.ar\/programa-especializado\/doble-optin\/\" \/>\n<meta property=\"og:locale\" content=\"es_ES\" \/>\n<meta property=\"og:type\" content=\"article\" \/>\n<meta property=\"og:title\" content=\"Doble optin general - Programa Especializado en Marketing Digital Deportivo\" \/>\n<meta property=\"og:description\" content=\"\u00a1MUCHAS GRACIAS! Tu suscripci\u00f3n fue confirmada. En 2 minutos te llegar\u00e1 un correo con informaci\u00f3n exclusiva. Revisa tu bandeja de entrada y\u00a0 Promociones. Movelo a Bandeja Principal as\u00ed te llegan los pr\u00f3ximos correos. Adem\u00e1s, te invito a: SUMARTE AL PROGRAMA El \u00fanico del mercado 100% focalizado\u00a0para proyectos y roles deportivos como el tuyo.\u00a0 \u00a1QUIERO M\u00c1S [&hellip;]\" \/>\n<meta property=\"og:url\" content=\"https:\/\/marketingatletas.com.ar\/programa-especializado\/doble-optin\/\" \/>\n<meta property=\"og:site_name\" content=\"Programa Especializado en Marketing Digital Deportivo\" \/>\n<meta property=\"article:modified_time\" content=\"2026-03-18T22:46:34+00:00\" \/>\n<meta name=\"twitter:card\" content=\"summary_large_image\" \/>\n<meta name=\"twitter:label1\" content=\"Tiempo de lectura\" \/>\n\t<meta name=\"twitter:data1\" content=\"1 minuto\" \/>\n<script type=\"application\/ld+json\" class=\"yoast-schema-graph\">{\"@context\":\"https:\\\/\\\/schema.org\",\"@graph\":[{\"@type\":\"WebPage\",\"@id\":\"https:\\\/\\\/marketingatletas.com.ar\\\/programa-especializado\\\/doble-optin\\\/\",\"url\":\"https:\\\/\\\/marketingatletas.com.ar\\\/programa-especializado\\\/doble-optin\\\/\",\"name\":\"Doble optin general - Programa Especializado en Marketing Digital Deportivo\",\"isPartOf\":{\"@id\":\"https:\\\/\\\/marketingatletas.com.ar\\\/programa-especializado\\\/#website\"},\"datePublished\":\"2023-06-26T20:57:24+00:00\",\"dateModified\":\"2026-03-18T22:46:34+00:00\",\"breadcrumb\":{\"@id\":\"https:\\\/\\\/marketingatletas.com.ar\\\/programa-especializado\\\/doble-optin\\\/#breadcrumb\"},\"inLanguage\":\"es\",\"potentialAction\":[{\"@type\":\"ReadAction\",\"target\":[\"https:\\\/\\\/marketingatletas.com.ar\\\/programa-especializado\\\/doble-optin\\\/\"]}]},{\"@type\":\"BreadcrumbList\",\"@id\":\"https:\\\/\\\/marketingatletas.com.ar\\\/programa-especializado\\\/doble-optin\\\/#breadcrumb\",\"itemListElement\":[{\"@type\":\"ListItem\",\"position\":1,\"name\":\"Portada\",\"item\":\"https:\\\/\\\/marketingatletas.com.ar\\\/programa-especializado\\\/\"},{\"@type\":\"ListItem\",\"position\":2,\"name\":\"Doble optin general\"}]},{\"@type\":\"WebSite\",\"@id\":\"https:\\\/\\\/marketingatletas.com.ar\\\/programa-especializado\\\/#website\",\"url\":\"https:\\\/\\\/marketingatletas.com.ar\\\/programa-especializado\\\/\",\"name\":\"Programa Especializado en Marketing Digital Deportivo\",\"description\":\"\",\"publisher\":{\"@id\":\"https:\\\/\\\/marketingatletas.com.ar\\\/programa-especializado\\\/#organization\"},\"potentialAction\":[{\"@type\":\"SearchAction\",\"target\":{\"@type\":\"EntryPoint\",\"urlTemplate\":\"https:\\\/\\\/marketingatletas.com.ar\\\/programa-especializado\\\/?s={search_term_string}\"},\"query-input\":{\"@type\":\"PropertyValueSpecification\",\"valueRequired\":true,\"valueName\":\"search_term_string\"}}],\"inLanguage\":\"es\"},{\"@type\":\"Organization\",\"@id\":\"https:\\\/\\\/marketingatletas.com.ar\\\/programa-especializado\\\/#organization\",\"name\":\"Programa Especializado en Marketing Digital Deportivo\",\"url\":\"https:\\\/\\\/marketingatletas.com.ar\\\/programa-especializado\\\/\",\"logo\":{\"@type\":\"ImageObject\",\"inLanguage\":\"es\",\"@id\":\"https:\\\/\\\/marketingatletas.com.ar\\\/programa-especializado\\\/#\\\/schema\\\/logo\\\/image\\\/\",\"url\":\"https:\\\/\\\/marketingatletas.com.ar\\\/programa-especializado\\\/wp-content\\\/uploads\\\/2026\\\/03\\\/LOGOTIPO_MPA.png\",\"contentUrl\":\"https:\\\/\\\/marketingatletas.com.ar\\\/programa-especializado\\\/wp-content\\\/uploads\\\/2026\\\/03\\\/LOGOTIPO_MPA.png\",\"width\":944,\"height\":172,\"caption\":\"Programa Especializado en Marketing Digital Deportivo\"},\"image\":{\"@id\":\"https:\\\/\\\/marketingatletas.com.ar\\\/programa-especializado\\\/#\\\/schema\\\/logo\\\/image\\\/\"}}]}<\/script>\n<!-- \/ Yoast SEO plugin. -->","yoast_head_json":{"title":"Doble optin general - Programa Especializado en Marketing Digital Deportivo","robots":{"index":"index","follow":"follow","max-snippet":"max-snippet:-1","max-image-preview":"max-image-preview:large","max-video-preview":"max-video-preview:-1"},"canonical":"https:\/\/marketingatletas.com.ar\/programa-especializado\/doble-optin\/","og_locale":"es_ES","og_type":"article","og_title":"Doble optin general - Programa Especializado en Marketing Digital Deportivo","og_description":"\u00a1MUCHAS GRACIAS! Tu suscripci\u00f3n fue confirmada. En 2 minutos te llegar\u00e1 un correo con informaci\u00f3n exclusiva. Revisa tu bandeja de entrada y\u00a0 Promociones. Movelo a Bandeja Principal as\u00ed te llegan los pr\u00f3ximos correos. Adem\u00e1s, te invito a: SUMARTE AL PROGRAMA El \u00fanico del mercado 100% focalizado\u00a0para proyectos y roles deportivos como el tuyo.\u00a0 \u00a1QUIERO M\u00c1S [&hellip;]","og_url":"https:\/\/marketingatletas.com.ar\/programa-especializado\/doble-optin\/","og_site_name":"Programa Especializado en Marketing Digital Deportivo","article_modified_time":"2026-03-18T22:46:34+00:00","twitter_card":"summary_large_image","twitter_misc":{"Tiempo de lectura":"1 minuto"},"schema":{"@context":"https:\/\/schema.org","@graph":[{"@type":"WebPage","@id":"https:\/\/marketingatletas.com.ar\/programa-especializado\/doble-optin\/","url":"https:\/\/marketingatletas.com.ar\/programa-especializado\/doble-optin\/","name":"Doble optin general - Programa Especializado en Marketing Digital Deportivo","isPartOf":{"@id":"https:\/\/marketingatletas.com.ar\/programa-especializado\/#website"},"datePublished":"2023-06-26T20:57:24+00:00","dateModified":"2026-03-18T22:46:34+00:00","breadcrumb":{"@id":"https:\/\/marketingatletas.com.ar\/programa-especializado\/doble-optin\/#breadcrumb"},"inLanguage":"es","potentialAction":[{"@type":"ReadAction","target":["https:\/\/marketingatletas.com.ar\/programa-especializado\/doble-optin\/"]}]},{"@type":"BreadcrumbList","@id":"https:\/\/marketingatletas.com.ar\/programa-especializado\/doble-optin\/#breadcrumb","itemListElement":[{"@type":"ListItem","position":1,"name":"Portada","item":"https:\/\/marketingatletas.com.ar\/programa-especializado\/"},{"@type":"ListItem","position":2,"name":"Doble optin general"}]},{"@type":"WebSite","@id":"https:\/\/marketingatletas.com.ar\/programa-especializado\/#website","url":"https:\/\/marketingatletas.com.ar\/programa-especializado\/","name":"Programa Especializado en Marketing Digital Deportivo","description":"","publisher":{"@id":"https:\/\/marketingatletas.com.ar\/programa-especializado\/#organization"},"potentialAction":[{"@type":"SearchAction","target":{"@type":"EntryPoint","urlTemplate":"https:\/\/marketingatletas.com.ar\/programa-especializado\/?s={search_term_string}"},"query-input":{"@type":"PropertyValueSpecification","valueRequired":true,"valueName":"search_term_string"}}],"inLanguage":"es"},{"@type":"Organization","@id":"https:\/\/marketingatletas.com.ar\/programa-especializado\/#organization","name":"Programa Especializado en Marketing Digital Deportivo","url":"https:\/\/marketingatletas.com.ar\/programa-especializado\/","logo":{"@type":"ImageObject","inLanguage":"es","@id":"https:\/\/marketingatletas.com.ar\/programa-especializado\/#\/schema\/logo\/image\/","url":"https:\/\/marketingatletas.com.ar\/programa-especializado\/wp-content\/uploads\/2026\/03\/LOGOTIPO_MPA.png","contentUrl":"https:\/\/marketingatletas.com.ar\/programa-especializado\/wp-content\/uploads\/2026\/03\/LOGOTIPO_MPA.png","width":944,"height":172,"caption":"Programa Especializado en Marketing Digital Deportivo"},"image":{"@id":"https:\/\/marketingatletas.com.ar\/programa-especializado\/#\/schema\/logo\/image\/"}}]}},"_links":{"self":[{"href":"https:\/\/marketingatletas.com.ar\/programa-especializado\/wp-json\/wp\/v2\/pages\/1534","targetHints":{"allow":["GET"]}}],"collection":[{"href":"https:\/\/marketingatletas.com.ar\/programa-especializado\/wp-json\/wp\/v2\/pages"}],"about":[{"href":"https:\/\/marketingatletas.com.ar\/programa-especializado\/wp-json\/wp\/v2\/types\/page"}],"author":[{"embeddable":true,"href":"https:\/\/marketingatletas.com.ar\/programa-especializado\/wp-json\/wp\/v2\/users\/3"}],"replies":[{"embeddable":true,"href":"https:\/\/marketingatletas.com.ar\/programa-especializado\/wp-json\/wp\/v2\/comments?post=1534"}],"version-history":[{"count":34,"href":"https:\/\/marketingatletas.com.ar\/programa-especializado\/wp-json\/wp\/v2\/pages\/1534\/revisions"}],"predecessor-version":[{"id":6415,"href":"https:\/\/marketingatletas.com.ar\/programa-especializado\/wp-json\/wp\/v2\/pages\/1534\/revisions\/6415"}],"wp:attachment":[{"href":"https:\/\/marketingatletas.com.ar\/programa-especializado\/wp-json\/wp\/v2\/media?parent=1534"}],"curies":[{"name":"wp","href":"https:\/\/api.w.org\/{rel}","templated":true}]}}